{"id":101,"date":"2023-02-24T15:08:43","date_gmt":"2023-02-24T14:08:43","guid":{"rendered":"https:\/\/web16.wuti.pl\/colli\/?page_id=101"},"modified":"2024-11-25T12:47:04","modified_gmt":"2024-11-25T11:47:04","slug":"uslugi-krajowe","status":"publish","type":"page","link":"https:\/\/web16.wuti.pl\/colli\/uslugi-krajowe\/","title":{"rendered":"Us\u0142ugi krajowe"},"content":{"rendered":"\t\t<div data-elementor-type=\"wp-page\" data-elementor-id=\"101\" class=\"elementor elementor-101\" data-elementor-post-type=\"page\">\n\t\t\t\t\t\t<section class=\"elementor-section elementor-top-section elementor-element elementor-element-f524352 elementor-section-boxed elementor-section-height-default elementor-section-height-default\" data-id=\"f524352\" data-element_type=\"section\">\n\t\t\t\t\t\t<div class=\"elementor-container elementor-column-gap-default\">\n\t\t\t\t\t<div class=\"elementor-column elementor-col-50 elementor-top-column elementor-element elementor-element-67dc898\" data-id=\"67dc898\" data-element_type=\"column\">\n\t\t\t<div class=\"elementor-widget-wrap elementor-element-populated\">\n\t\t\t\t\t\t<div class=\"elementor-element elementor-element-89bdfe8 elementor-widget-divider--view-line elementor-widget elementor-widget-divider\" data-id=\"89bdfe8\" data-element_type=\"widget\" data-widget_type=\"divider.default\">\n\t\t\t\t<div class=\"elementor-widget-container\">\n\t\t\t\t\t<div class=\"elementor-divider\">\n\t\t\t<span class=\"elementor-divider-separator\">\n\t\t\t\t\t\t<\/span>\n\t\t<\/div>\n\t\t\t\t<\/div>\n\t\t\t\t<\/div>\n\t\t\t\t<div class=\"elementor-element elementor-element-895f924 elementor-widget elementor-widget-text-editor\" data-id=\"895f924\" data-element_type=\"widget\" data-widget_type=\"text-editor.default\">\n\t\t\t\t<div class=\"elementor-widget-container\">\n\t\t\t\t\t\t\t<p>Jeste\u015bmy znani z dedykowanych projekt\u00f3w tworzonych pod indywidualne potrzeby naszych Klient\u00f3w zar\u00f3wno w aran\u017cacji transport\u00f3w mi\u0119dzynarodowych, jak i w ruchu krajowym. Colli International optymalizuj\u0105c wszystkie trasy i za\u0142adunki stara si\u0119 mo\u017cliwie najtaniej przewozi\u0107 \u0142adunki ca\u0142opojazdowe, cz\u0119\u015bciowe i drobnicowe na trasach krajowych.<\/p><p>Jako organizator i koordynator przewoz\u00f3w samochodowych, realizowanych poprzez grup\u0119 czarterowanych przewo\u017anik\u00f3w, dysponuj\u0105c\u0105 w\u0142asnym, nowoczesnym taborem samochodowym z naczepami oplandekowanymi i samowy\u0142adowczymi oraz samochodami o mniejszej \u0142adowno\u015bci, szukamy najbardziej optymalnych rozwi\u0105za\u0144 dla naszych wymagaj\u0105cych Klient\u00f3w.<br \/>Bogata propozycja us\u0142ug spedycyjnych pozwala nam spe\u0142nia\u0107 \u017cyczenia ka\u017cdego Klienta u\u0142atwiaj\u0105c mu obr\u00f3t handlowy z kontrahentami zagranicznymi i krajowymi.<br \/>Naszym Klientom proponujemy fracht bez dodatkowych ukrytych koszt\u00f3w.<\/p>\t\t\t\t\t\t<\/div>\n\t\t\t\t<\/div>\n\t\t\t\t<div class=\"elementor-element elementor-element-41dc566 elementor-align-left elementor-widget elementor-widget-button\" data-id=\"41dc566\" data-element_type=\"widget\" data-widget_type=\"button.default\">\n\t\t\t\t<div class=\"elementor-widget-container\">\n\t\t\t\t\t\t\t<div class=\"elementor-button-wrapper\">\n\t\t\t\t\t<a class=\"elementor-button elementor-button-link elementor-size-md\" href=\"https:\/\/web16.wuti.pl\/colli\/uslugi-miedzynarodowe\/\">\n\t\t\t\t\t\t<span class=\"elementor-button-content-wrapper\">\n\t\t\t\t\t\t<span class=\"elementor-button-icon\">\n\t\t\t\t<i aria-hidden=\"true\" class=\"fas fa-truck-moving\"><\/i>\t\t\t<\/span>\n\t\t\t\t\t\t\t\t\t<span class=\"elementor-button-text\">Us\u0142ugi mi\u0119dzynarodowe<\/span>\n\t\t\t\t\t<\/span>\n\t\t\t\t\t<\/a>\n\t\t\t\t<\/div>\n\t\t\t\t\t\t<\/div>\n\t\t\t\t<\/div>\n\t\t\t\t\t<\/div>\n\t\t<\/div>\n\t\t\t\t<div class=\"elementor-column elementor-col-50 elementor-top-column elementor-element elementor-element-be8792d\" data-id=\"be8792d\" data-element_type=\"column\" data-settings=\"{&quot;background_background&quot;:&quot;classic&quot;}\">\n\t\t\t<div class=\"elementor-widget-wrap elementor-element-populated\">\n\t\t\t\t\t\t<div class=\"elementor-element elementor-element-69a62f0 elementor-widget elementor-widget-spacer\" data-id=\"69a62f0\" data-element_type=\"widget\" data-widget_type=\"spacer.default\">\n\t\t\t\t<div class=\"elementor-widget-container\">\n\t\t\t\t\t<div class=\"elementor-spacer\">\n\t\t\t<div class=\"elementor-spacer-inner\"><\/div>\n\t\t<\/div>\n\t\t\t\t<\/div>\n\t\t\t\t<\/div>\n\t\t\t\t\t<\/div>\n\t\t<\/div>\n\t\t\t\t\t<\/div>\n\t\t<\/section>\n\t\t\t\t<\/div>\n\t\t","protected":false},"excerpt":{"rendered":"<p>Jeste\u015bmy znani z dedykowanych projekt\u00f3w tworzonych pod indywidualne potrzeby naszych Klient\u00f3w zar\u00f3wno w aran\u017cacji transport\u00f3w mi\u0119dzynarodowych, jak i w ruchu krajowym. Colli International optymalizuj\u0105c wszystkie trasy i za\u0142adunki stara si\u0119 mo\u017cliwie najtaniej przewozi\u0107 \u0142adunki ca\u0142opojazdowe, cz\u0119\u015bciowe i drobnicowe na trasach krajowych. Jako organizator i koordynator przewoz\u00f3w samochodowych, realizowanych poprzez grup\u0119 czarterowanych przewo\u017anik\u00f3w, dysponuj\u0105c\u0105 w\u0142asnym, nowoczesnym [&hellip;]<\/p>\n","protected":false},"author":1,"featured_media":0,"parent":0,"menu_order":0,"comment_status":"closed","ping_status":"closed","template":"","meta":{"footnotes":""},"class_list":["post-101","page","type-page","status-publish","hentry"],"_links":{"self":[{"href":"https:\/\/web16.wuti.pl\/colli\/wp-json\/wp\/v2\/pages\/101","targetHints":{"allow":["GET"]}}],"collection":[{"href":"https:\/\/web16.wuti.pl\/colli\/wp-json\/wp\/v2\/pages"}],"about":[{"href":"https:\/\/web16.wuti.pl\/colli\/wp-json\/wp\/v2\/types\/page"}],"author":[{"embeddable":true,"href":"https:\/\/web16.wuti.pl\/colli\/wp-json\/wp\/v2\/users\/1"}],"replies":[{"embeddable":true,"href":"https:\/\/web16.wuti.pl\/colli\/wp-json\/wp\/v2\/comments?post=101"}],"version-history":[{"count":36,"href":"https:\/\/web16.wuti.pl\/colli\/wp-json\/wp\/v2\/pages\/101\/revisions"}],"predecessor-version":[{"id":463,"href":"https:\/\/web16.wuti.pl\/colli\/wp-json\/wp\/v2\/pages\/101\/revisions\/463"}],"wp:attachment":[{"href":"https:\/\/web16.wuti.pl\/colli\/wp-json\/wp\/v2\/media?parent=101"}],"curies":[{"name":"wp","href":"https:\/\/api.w.org\/{rel}","templated":true}]}}