{"id":6,"date":"2019-02-10T15:44:34","date_gmt":"2019-02-10T14:44:34","guid":{"rendered":"https:\/\/web16.wuti.pl\/colli\/?page_id=6"},"modified":"2025-01-17T11:51:28","modified_gmt":"2025-01-17T10:51:28","slug":"glowna","status":"publish","type":"page","link":"https:\/\/web16.wuti.pl\/colli\/","title":{"rendered":"G\u0142\u00f3wna"},"content":{"rendered":"\t\t<div data-elementor-type=\"wp-page\" data-elementor-id=\"6\" class=\"elementor elementor-6\" data-elementor-post-type=\"page\">\n\t\t\t\t\t\t<section class=\"elementor-section elementor-top-section elementor-element elementor-element-ca22741 elementor-section-height-min-height elementor-section-boxed elementor-section-height-default elementor-section-items-middle\" data-id=\"ca22741\" data-element_type=\"section\" data-settings=\"{&quot;background_background&quot;:&quot;slideshow&quot;,&quot;background_slideshow_gallery&quot;:[{&quot;id&quot;:416,&quot;url&quot;:&quot;https:\\\/\\\/web16.wuti.pl\\\/colli\\\/wp-content\\\/uploads\\\/2024\\\/11\\\/streets-2278471_1920.jpg&quot;},{&quot;id&quot;:606,&quot;url&quot;:&quot;https:\\\/\\\/web16.wuti.pl\\\/colli\\\/wp-content\\\/uploads\\\/2024\\\/12\\\/bridge-8608105_1920.jpg&quot;},{&quot;id&quot;:605,&quot;url&quot;:&quot;https:\\\/\\\/web16.wuti.pl\\\/colli\\\/wp-content\\\/uploads\\\/2024\\\/12\\\/road-7508538_1920.jpg&quot;},{&quot;id&quot;:585,&quot;url&quot;:&quot;https:\\\/\\\/web16.wuti.pl\\\/colli\\\/wp-content\\\/uploads\\\/2023\\\/02\\\/night-111974_1920.jpg&quot;}],&quot;background_slideshow_slide_duration&quot;:4000,&quot;background_slideshow_loop&quot;:&quot;yes&quot;,&quot;background_slideshow_slide_transition&quot;:&quot;fade&quot;,&quot;background_slideshow_transition_duration&quot;:500}\">\n\t\t\t\t\t\t\t<div class=\"elementor-background-overlay\"><\/div>\n\t\t\t\t\t\t\t<div class=\"elementor-container elementor-column-gap-default\">\n\t\t\t\t\t<div class=\"elementor-column elementor-col-100 elementor-top-column elementor-element elementor-element-1b1ea5e\" data-id=\"1b1ea5e\" data-element_type=\"column\">\n\t\t\t<div class=\"elementor-widget-wrap elementor-element-populated\">\n\t\t\t\t\t\t<div class=\"elementor-element elementor-element-eeea1ed elementor-widget elementor-widget-text-editor\" data-id=\"eeea1ed\" data-element_type=\"widget\" data-widget_type=\"text-editor.default\">\n\t\t\t\t<div class=\"elementor-widget-container\">\n\t\t\t\t\t\t\t&#8230; na ka\u017cd\u0105 drog\u0119\t\t\t\t\t\t<\/div>\n\t\t\t\t<\/div>\n\t\t\t\t<div class=\"elementor-element elementor-element-6b78249 elementor-widget elementor-widget-heading\" data-id=\"6b78249\" data-element_type=\"widget\" data-widget_type=\"heading.default\">\n\t\t\t\t<div class=\"elementor-widget-container\">\n\t\t\t<h2 class=\"elementor-heading-title elementor-size-default\">Colli International Sp z o.o.<\/h2>\t\t<\/div>\n\t\t\t\t<\/div>\n\t\t\t\t<div class=\"elementor-element elementor-element-bd103e2 elementor-widget elementor-widget-text-editor\" data-id=\"bd103e2\" data-element_type=\"widget\" data-widget_type=\"text-editor.default\">\n\t\t\t\t<div class=\"elementor-widget-container\">\n\t\t\t\t\t\t\tUs\u0142ugi w zakresie: krajowej i mi\u0119dzynarodowej spedycji ca\u0142opojazdowej oraz przesy\u0142ek drobnicowych.\t\t\t\t\t\t<\/div>\n\t\t\t\t<\/div>\n\t\t\t\t<div class=\"elementor-element elementor-element-0b15ac3 elementor-align-center elementor-widget elementor-widget-button\" data-id=\"0b15ac3\" data-element_type=\"widget\" data-widget_type=\"button.default\">\n\t\t\t\t<div class=\"elementor-widget-container\">\n\t\t\t\t\t\t\t<div class=\"elementor-button-wrapper\">\n\t\t\t\t\t<a class=\"elementor-button elementor-button-link elementor-size-md\" href=\"#o-nas\">\n\t\t\t\t\t\t<span class=\"elementor-button-content-wrapper\">\n\t\t\t\t\t\t<span class=\"elementor-button-icon\">\n\t\t\t\t<i aria-hidden=\"true\" class=\"far fa-arrow-alt-circle-down\"><\/i>\t\t\t<\/span>\n\t\t\t\t\t\t\t\t\t<span class=\"elementor-button-text\">Informacje o firmie<\/span>\n\t\t\t\t\t<\/span>\n\t\t\t\t\t<\/a>\n\t\t\t\t<\/div>\n\t\t\t\t\t\t<\/div>\n\t\t\t\t<\/div>\n\t\t\t\t\t<\/div>\n\t\t<\/div>\n\t\t\t\t\t<\/div>\n\t\t<\/section>\n\t\t\t\t<section class=\"elementor-section elementor-top-section elementor-element elementor-element-a8bf6aa elementor-section-boxed elementor-section-height-default elementor-section-height-default\" data-id=\"a8bf6aa\" data-element_type=\"section\" id=\"o-nas\">\n\t\t\t\t\t\t<div class=\"elementor-container elementor-column-gap-default\">\n\t\t\t\t\t<div class=\"elementor-column elementor-col-50 elementor-top-column elementor-element elementor-element-8fa0c7c\" data-id=\"8fa0c7c\" data-element_type=\"column\">\n\t\t\t<div class=\"elementor-widget-wrap elementor-element-populated\">\n\t\t\t\t\t\t<div class=\"elementor-element elementor-element-fca7c45 elementor-widget elementor-widget-heading\" data-id=\"fca7c45\" data-element_type=\"widget\" data-widget_type=\"heading.default\">\n\t\t\t\t<div class=\"elementor-widget-container\">\n\t\t\t<h2 class=\"elementor-heading-title elementor-size-default\">O nas<\/h2>\t\t<\/div>\n\t\t\t\t<\/div>\n\t\t\t\t<div class=\"elementor-element elementor-element-ac180ad elementor-widget-divider--view-line elementor-widget elementor-widget-divider\" data-id=\"ac180ad\" data-element_type=\"widget\" data-widget_type=\"divider.default\">\n\t\t\t\t<div class=\"elementor-widget-container\">\n\t\t\t\t\t<div class=\"elementor-divider\">\n\t\t\t<span class=\"elementor-divider-separator\">\n\t\t\t\t\t\t<\/span>\n\t\t<\/div>\n\t\t\t\t<\/div>\n\t\t\t\t<\/div>\n\t\t\t\t<div class=\"elementor-element elementor-element-756e487 elementor-widget elementor-widget-text-editor\" data-id=\"756e487\" data-element_type=\"widget\" data-widget_type=\"text-editor.default\">\n\t\t\t\t<div class=\"elementor-widget-container\">\n\t\t\t\t\t\t\t<p><span style=\"font-weight: 400;\">Podstawowym przedmiotem dzia\u0142alno\u015bci Colli International Sp. z o.o., kt\u00f3ra powsta\u0142a w 2009 roku jest \u015bwiadczenie us\u0142ug w zakresie: krajowej i mi\u0119dzynarodowej spedycji drogowej \u0142adunk\u00f3w ca\u0142opojazdowych, cz\u0119\u015bciowych oraz przesy\u0142ek drobnicowych. Realizujemy przewozy towar\u00f3w o wadze od 1 kg do 24 ton na terenie ca\u0142ej Polski oraz kraj\u00f3w Unii Europejskiej<\/span><\/p><p><span style=\"font-weight: 400;\">Zapewniamy kompleksow\u0105 obs\u0142ug\u0119 Klient\u00f3w w systemie \u201edoor to door\u201d, obejmuj\u0105cej podj\u0119cie towar\u00f3w we wskazanym miejscu za\u0142adunku i dostarczenia ich w najkr\u00f3tszym czasie do Odbiorcy wraz z obs\u0142ug\u0105 wszelkich formalno\u015bci celnych. Naszym standardem jest dzisiaj mi\u0119dzy innymi bezpieczne i b\u0142yskawiczne dostarczenie towaru do Klienta oraz sprawne i elastyczne reagowanie na Jego potrzeby.<\/span><span style=\"font-weight: 400;\"><br \/><\/span><\/p>\t\t\t\t\t\t<\/div>\n\t\t\t\t<\/div>\n\t\t\t\t<div class=\"elementor-element elementor-element-57e7da2 elementor-align-left elementor-widget elementor-widget-button\" data-id=\"57e7da2\" data-element_type=\"widget\" data-widget_type=\"button.default\">\n\t\t\t\t<div class=\"elementor-widget-container\">\n\t\t\t\t\t\t\t<div class=\"elementor-button-wrapper\">\n\t\t\t\t\t<a class=\"elementor-button elementor-button-link elementor-size-md\" href=\"https:\/\/web16.wuti.pl\/colli\/kontakt\/\">\n\t\t\t\t\t\t<span class=\"elementor-button-content-wrapper\">\n\t\t\t\t\t\t<span class=\"elementor-button-icon\">\n\t\t\t\t<i aria-hidden=\"true\" class=\"far fa-arrow-alt-circle-down\"><\/i>\t\t\t<\/span>\n\t\t\t\t\t\t\t\t\t<span class=\"elementor-button-text\">Zapraszamy do kontaktu<\/span>\n\t\t\t\t\t<\/span>\n\t\t\t\t\t<\/a>\n\t\t\t\t<\/div>\n\t\t\t\t\t\t<\/div>\n\t\t\t\t<\/div>\n\t\t\t\t\t<\/div>\n\t\t<\/div>\n\t\t\t\t<div class=\"elementor-column elementor-col-50 elementor-top-column elementor-element elementor-element-d45f4f9\" data-id=\"d45f4f9\" data-element_type=\"column\" data-settings=\"{&quot;background_background&quot;:&quot;slideshow&quot;,&quot;background_slideshow_gallery&quot;:[{&quot;id&quot;:423,&quot;url&quot;:&quot;https:\\\/\\\/web16.wuti.pl\\\/colli\\\/wp-content\\\/uploads\\\/2024\\\/11\\\/truck-8656658_1920.jpg&quot;},{&quot;id&quot;:613,&quot;url&quot;:&quot;https:\\\/\\\/web16.wuti.pl\\\/colli\\\/wp-content\\\/uploads\\\/2024\\\/12\\\/intersection-2683894_1920.jpg&quot;},{&quot;id&quot;:614,&quot;url&quot;:&quot;https:\\\/\\\/web16.wuti.pl\\\/colli\\\/wp-content\\\/uploads\\\/2024\\\/12\\\/winding-road-1556177_1920.jpg&quot;}],&quot;background_slideshow_slide_duration&quot;:4000,&quot;background_slideshow_loop&quot;:&quot;yes&quot;,&quot;background_slideshow_slide_transition&quot;:&quot;fade&quot;,&quot;background_slideshow_transition_duration&quot;:500}\">\n\t\t\t<div class=\"elementor-widget-wrap elementor-element-populated\">\n\t\t\t\t\t\t<div class=\"elementor-element elementor-element-60d8a77 elementor-widget elementor-widget-spacer\" data-id=\"60d8a77\" data-element_type=\"widget\" data-widget_type=\"spacer.default\">\n\t\t\t\t<div class=\"elementor-widget-container\">\n\t\t\t\t\t<div class=\"elementor-spacer\">\n\t\t\t<div class=\"elementor-spacer-inner\"><\/div>\n\t\t<\/div>\n\t\t\t\t<\/div>\n\t\t\t\t<\/div>\n\t\t\t\t<div class=\"elementor-element elementor-element-6caacb7 elementor-widget elementor-widget-spacer\" data-id=\"6caacb7\" data-element_type=\"widget\" data-widget_type=\"spacer.default\">\n\t\t\t\t<div class=\"elementor-widget-container\">\n\t\t\t\t\t<div class=\"elementor-spacer\">\n\t\t\t<div class=\"elementor-spacer-inner\"><\/div>\n\t\t<\/div>\n\t\t\t\t<\/div>\n\t\t\t\t<\/div>\n\t\t\t\t\t<\/div>\n\t\t<\/div>\n\t\t\t\t\t<\/div>\n\t\t<\/section>\n\t\t<div class=\"elementor-element elementor-element-0905b03 e-flex e-con-boxed e-con e-parent\" data-id=\"0905b03\" data-element_type=\"container\">\n\t\t\t\t\t<div class=\"e-con-inner\">\n\t\t\t\t<div class=\"elementor-element elementor-element-0a21b26 elementor-widget elementor-widget-text-editor\" data-id=\"0a21b26\" data-element_type=\"widget\" data-widget_type=\"text-editor.default\">\n\t\t\t\t<div class=\"elementor-widget-container\">\n\t\t\t\t\t\t\t<p><span style=\"font-weight: 400;\">Obecnie nie wystarcza ju\u017c tylko wyprodukowanie dobrego towaru. Istotna jest tak\u017ce gwarancja zachowania terminu i dow\u00f3z towaru \u201edo drzwi\u201d Klienta, niezale\u017cnie od tego, w jakiej cz\u0119\u015bci \u015bwiata chce on go sprzeda\u0107 lub sk\u0105d okre\u015blone produkty sprowadzi\u0107 do Polski.<\/span><span style=\"font-weight: 400;\"><br><\/span><span style=\"font-weight: 400;\"><br><\/span><span style=\"font-weight: 400;\">Zamierzenia na najbli\u017csze lata przewiduj\u0105 obok aktywnego rozwoju podstawowej dzia\u0142alno\u015bci sp\u00f3\u0142ki &#8211; zdywersyfikowanie zakresu jej dzia\u0142ania, wprowadzenie innowacji i poszukiwanie nowych obszar\u00f3w, kt\u00f3re umo\u017cliwi\u0105 firmie zwi\u0119kszenie jej potencja\u0142u ekonomicznego. Sukcesem naszej firmy jest przede wszystkim w\u0142a\u015bciwie dobrany zesp\u00f3\u0142 ludzi, kt\u00f3ry doskonale zna specyfik\u0119 polskiego rynku transportowo-spedycyjnego. Wszyscy pracownicy wykazuj\u0105 si\u0119 du\u017cym zaanga\u017cowaniem w wykonywan\u0105 prac\u0119 oraz identyfikuj\u0105 si\u0119 z potrzebami i oczekiwaniami naszych Klient\u00f3w oraz nie boj\u0105 si\u0119 podj\u0105\u0107 najwi\u0119kszych wyzwa\u0144, przez co dajemy gwarancj\u0119 rzetelnej i sprawnej obs\u0142ugi naszych Klient\u00f3w.<\/span><\/p>\n<p><span style=\"font-weight: 400;\">Chcieliby\u015bmy Pa\u0144stwa zapewni\u0107, \u017ce wszelkie kroki podejmowane przez Zarz\u0105d sp\u00f3\u0142ki b\u0119d\u0105 ukierunkowane na przyniesienie obecnym i potencjalnym Klientom satysfakcji ze wsp\u00f3\u0142pracy z nasz\u0105 firm\u0105. Do\u0142o\u017cymy wszelkich stara\u0144, by nie zawie\u015b\u0107 Pa\u0144stwa zaufania, a ponadto wzmocni\u0107 w\u0142asn\u0105 pozycj\u0119 w\u015br\u00f3d krajowych spedytor\u00f3w.<\/span><\/p>\n<p><b>Pozostajemy do Pa\u0144stwa dyspozycji!<\/b><\/p>\t\t\t\t\t\t<\/div>\n\t\t\t\t<\/div>\n\t\t\t\t\t<\/div>\n\t\t\t\t<\/div>\n\t\t\t\t<\/div>\n\t\t","protected":false},"excerpt":{"rendered":"<p>&#8230; na ka\u017cd\u0105 drog\u0119 Colli International Sp z o.o. Us\u0142ugi w zakresie: krajowej i mi\u0119dzynarodowej spedycji ca\u0142opojazdowej oraz przesy\u0142ek drobnicowych. Informacje o firmie O nas Podstawowym przedmiotem dzia\u0142alno\u015bci Colli International Sp. z o.o., kt\u00f3ra powsta\u0142a w 2009 roku jest \u015bwiadczenie us\u0142ug w zakresie: krajowej i mi\u0119dzynarodowej spedycji drogowej \u0142adunk\u00f3w ca\u0142opojazdowych, cz\u0119\u015bciowych oraz przesy\u0142ek drobnicowych. Realizujemy [&hellip;]<\/p>\n","protected":false},"author":1,"featured_media":0,"parent":0,"menu_order":0,"comment_status":"closed","ping_status":"closed","template":"elementor_header_footer","meta":{"footnotes":""},"class_list":["post-6","page","type-page","status-publish","hentry"],"_links":{"self":[{"href":"https:\/\/web16.wuti.pl\/colli\/wp-json\/wp\/v2\/pages\/6","targetHints":{"allow":["GET"]}}],"collection":[{"href":"https:\/\/web16.wuti.pl\/colli\/wp-json\/wp\/v2\/pages"}],"about":[{"href":"https:\/\/web16.wuti.pl\/colli\/wp-json\/wp\/v2\/types\/page"}],"author":[{"embeddable":true,"href":"https:\/\/web16.wuti.pl\/colli\/wp-json\/wp\/v2\/users\/1"}],"replies":[{"embeddable":true,"href":"https:\/\/web16.wuti.pl\/colli\/wp-json\/wp\/v2\/comments?post=6"}],"version-history":[{"count":154,"href":"https:\/\/web16.wuti.pl\/colli\/wp-json\/wp\/v2\/pages\/6\/revisions"}],"predecessor-version":[{"id":639,"href":"https:\/\/web16.wuti.pl\/colli\/wp-json\/wp\/v2\/pages\/6\/revisions\/639"}],"wp:attachment":[{"href":"https:\/\/web16.wuti.pl\/colli\/wp-json\/wp\/v2\/media?parent=6"}],"curies":[{"name":"wp","href":"https:\/\/api.w.org\/{rel}","templated":true}]}}