{"id":1079,"date":"2025-02-28T14:03:51","date_gmt":"2025-02-28T13:03:51","guid":{"rendered":"https:\/\/web16.wuti.pl\/hortus\/?page_id=1079"},"modified":"2025-02-28T14:25:02","modified_gmt":"2025-02-28T13:25:02","slug":"kontakt","status":"publish","type":"page","link":"https:\/\/web16.wuti.pl\/hortus\/kontakt\/","title":{"rendered":"Kontakt"},"content":{"rendered":"\t\t<div data-elementor-type=\"wp-page\" data-elementor-id=\"1079\" class=\"elementor elementor-1079\" data-elementor-post-type=\"page\">\n\t\t\t\t<div class=\"elementor-element elementor-element-8e32d17 e-flex e-con-boxed e-con e-parent\" data-id=\"8e32d17\" data-element_type=\"container\">\n\t\t\t\t\t<div class=\"e-con-inner\">\n\t\t<div class=\"elementor-element elementor-element-5d8223c e-con-full e-flex e-con e-child\" data-id=\"5d8223c\" data-element_type=\"container\">\n\t\t\t\t<div class=\"elementor-element elementor-element-1286afc elementor-widget elementor-widget-image\" data-id=\"1286afc\" data-element_type=\"widget\" data-widget_type=\"image.default\">\n\t\t\t\t<div class=\"elementor-widget-container\">\n\t\t\t\t\t\t\t\t\t\t\t\t\t\t\t<img fetchpriority=\"high\" decoding=\"async\" width=\"800\" height=\"463\" src=\"https:\/\/web16.wuti.pl\/hortus\/wp-content\/uploads\/2025\/02\/logo_hortus-1024x592.jpg\" class=\"attachment-large size-large wp-image-837\" alt=\"\" srcset=\"https:\/\/web16.wuti.pl\/hortus\/wp-content\/uploads\/2025\/02\/logo_hortus-1024x592.jpg 1024w, https:\/\/web16.wuti.pl\/hortus\/wp-content\/uploads\/2025\/02\/logo_hortus-300x173.jpg 300w, https:\/\/web16.wuti.pl\/hortus\/wp-content\/uploads\/2025\/02\/logo_hortus-768x444.jpg 768w, https:\/\/web16.wuti.pl\/hortus\/wp-content\/uploads\/2025\/02\/logo_hortus.jpg 1181w\" sizes=\"(max-width: 800px) 100vw, 800px\" \/>\t\t\t\t\t\t\t\t\t\t\t\t\t\t\t<\/div>\n\t\t\t\t<\/div>\n\t\t\t\t<div class=\"elementor-element elementor-element-ef1eaf8 elementor-widget elementor-widget-text-editor\" data-id=\"ef1eaf8\" data-element_type=\"widget\" data-widget_type=\"text-editor.default\">\n\t\t\t\t<div class=\"elementor-widget-container\">\n\t\t\t\t\t\t\t\t\t<p><strong>Hortus Media Sp. z o.o.<\/strong><br \/>Ul. Czerwie\u0144skiego 3a\/17<br \/>31-319 Krak\u00f3w<br \/>NIP 945-21-58-017<br \/>E-mail: biuro@jagodnik.pl<\/p>\t\t\t\t\t\t\t\t<\/div>\n\t\t\t\t<\/div>\n\t\t\t\t<\/div>\n\t\t<div class=\"elementor-element elementor-element-ba673b5 e-con-full e-flex e-con e-child\" data-id=\"ba673b5\" data-element_type=\"container\">\n\t\t\t\t<div class=\"elementor-element elementor-element-4aceb53 elementor-widget elementor-widget-google_maps\" data-id=\"4aceb53\" data-element_type=\"widget\" data-widget_type=\"google_maps.default\">\n\t\t\t\t<div class=\"elementor-widget-container\">\n\t\t\t\t\t\t\t<div class=\"elementor-custom-embed\">\n\t\t\t<iframe loading=\"lazy\"\n\t\t\t\t\tsrc=\"https:\/\/maps.google.com\/maps?q=Ul.%20Czerwie%C5%84skiego%203a%2F17%2C%2031-319%20Krak%C3%B3w&#038;t=m&#038;z=14&#038;output=embed&#038;iwloc=near\"\n\t\t\t\t\ttitle=\"Ul. Czerwie\u0144skiego 3a\/17, 31-319 Krak\u00f3w\"\n\t\t\t\t\taria-label=\"Ul. Czerwie\u0144skiego 3a\/17, 31-319 Krak\u00f3w\"\n\t\t\t><\/iframe>\n\t\t<\/div>\n\t\t\t\t\t\t<\/div>\n\t\t\t\t<\/div>\n\t\t\t\t<\/div>\n\t\t\t\t\t<\/div>\n\t\t\t\t<\/div>\n\t\t<div class=\"elementor-element elementor-element-2281096 e-flex e-con-boxed e-con e-parent\" data-id=\"2281096\" data-element_type=\"container\">\n\t\t\t\t\t<div class=\"e-con-inner\">\n\t\t\t\t<div class=\"elementor-element elementor-element-d0befa3 elementor-widget elementor-widget-text-editor\" data-id=\"d0befa3\" data-element_type=\"widget\" data-widget_type=\"text-editor.default\">\n\t\t\t\t<div class=\"elementor-widget-container\">\n\t\t\t\t\t\t\t\t\t<p><b>REDAKCJA<\/b><\/p>\t\t\t\t\t\t\t\t<\/div>\n\t\t\t\t<\/div>\n\t\t\t\t\t<\/div>\n\t\t\t\t<\/div>\n\t\t<div class=\"elementor-element elementor-element-4f8d86d e-flex e-con-boxed e-con e-parent\" data-id=\"4f8d86d\" data-element_type=\"container\">\n\t\t\t\t\t<div class=\"e-con-inner\">\n\t\t<div class=\"elementor-element elementor-element-4be5413 e-con-full e-flex e-con e-child\" data-id=\"4be5413\" data-element_type=\"container\">\n\t\t\t\t<div class=\"elementor-element elementor-element-685412d elementor-widget elementor-widget-image\" data-id=\"685412d\" data-element_type=\"widget\" data-widget_type=\"image.default\">\n\t\t\t\t<div class=\"elementor-widget-container\">\n\t\t\t\t\t\t\t\t\t\t\t\t\t\t\t<img decoding=\"async\" src=\"https:\/\/web16.wuti.pl\/hortus\/wp-content\/plugins\/elementor\/assets\/images\/placeholder.png\" title=\"\" alt=\"\" loading=\"lazy\" \/>\t\t\t\t\t\t\t\t\t\t\t\t\t\t\t<\/div>\n\t\t\t\t<\/div>\n\t\t\t\t<\/div>\n\t\t<div class=\"elementor-element elementor-element-434b7cc e-con-full e-flex e-con e-child\" data-id=\"434b7cc\" data-element_type=\"container\">\n\t\t\t\t<div class=\"elementor-element elementor-element-04fe9c5 elementor-widget elementor-widget-text-editor\" data-id=\"04fe9c5\" data-element_type=\"widget\" data-widget_type=\"text-editor.default\">\n\t\t\t\t<div class=\"elementor-widget-container\">\n\t\t\t\t\t\t\t\t\t<p><strong>Tomasz Werner (redaktor naczelny czasopisma \u201cJagodnik\u201d )<\/strong><br \/>tel. + 48 608 504 404<br \/>E-mail: tomasz.werner@hortusmedia.pl<\/p>\t\t\t\t\t\t\t\t<\/div>\n\t\t\t\t<\/div>\n\t\t\t\t<\/div>\n\t\t\t\t\t<\/div>\n\t\t\t\t<\/div>\n\t\t<div class=\"elementor-element elementor-element-a559a0c e-flex e-con-boxed e-con e-parent\" data-id=\"a559a0c\" data-element_type=\"container\">\n\t\t\t\t\t<div class=\"e-con-inner\">\n\t\t<div class=\"elementor-element elementor-element-7f15d6f e-con-full e-flex e-con e-child\" data-id=\"7f15d6f\" data-element_type=\"container\">\n\t\t\t\t<div class=\"elementor-element elementor-element-2993c1e elementor-widget elementor-widget-image\" data-id=\"2993c1e\" data-element_type=\"widget\" data-widget_type=\"image.default\">\n\t\t\t\t<div class=\"elementor-widget-container\">\n\t\t\t\t\t\t\t\t\t\t\t\t\t\t\t<img decoding=\"async\" src=\"https:\/\/web16.wuti.pl\/hortus\/wp-content\/plugins\/elementor\/assets\/images\/placeholder.png\" title=\"\" alt=\"\" loading=\"lazy\" \/>\t\t\t\t\t\t\t\t\t\t\t\t\t\t\t<\/div>\n\t\t\t\t<\/div>\n\t\t\t\t<\/div>\n\t\t<div class=\"elementor-element elementor-element-cc810d3 e-con-full e-flex e-con e-child\" data-id=\"cc810d3\" data-element_type=\"container\">\n\t\t\t\t<div class=\"elementor-element elementor-element-fa80ee3 elementor-widget elementor-widget-text-editor\" data-id=\"fa80ee3\" data-element_type=\"widget\" data-widget_type=\"text-editor.default\">\n\t\t\t\t<div class=\"elementor-widget-container\">\n\t\t\t\t\t\t\t\t\t<p><strong>Mariusz Podymniak (zast\u0119pca redaktora naczelnego w czasopi\u015bmie \u201cJagodnik\u201d, redaktor prowadz\u0105cy portal warzywapolowe.pl)<\/strong><br \/>Tel. +48 608 500 501<br \/>E-mail: mariusz.podymniak@hortusmedia.pl<\/p>\t\t\t\t\t\t\t\t<\/div>\n\t\t\t\t<\/div>\n\t\t\t\t<\/div>\n\t\t\t\t\t<\/div>\n\t\t\t\t<\/div>\n\t\t<div class=\"elementor-element elementor-element-b13775d e-flex e-con-boxed e-con e-parent\" data-id=\"b13775d\" data-element_type=\"container\">\n\t\t\t\t\t<div class=\"e-con-inner\">\n\t\t<div class=\"elementor-element elementor-element-08045f2 e-con-full e-flex e-con e-child\" data-id=\"08045f2\" data-element_type=\"container\">\n\t\t\t\t<div class=\"elementor-element elementor-element-4178ebf elementor-widget elementor-widget-image\" data-id=\"4178ebf\" data-element_type=\"widget\" data-widget_type=\"image.default\">\n\t\t\t\t<div class=\"elementor-widget-container\">\n\t\t\t\t\t\t\t\t\t\t\t\t\t\t\t<img decoding=\"async\" src=\"https:\/\/web16.wuti.pl\/hortus\/wp-content\/plugins\/elementor\/assets\/images\/placeholder.png\" title=\"\" alt=\"\" loading=\"lazy\" \/>\t\t\t\t\t\t\t\t\t\t\t\t\t\t\t<\/div>\n\t\t\t\t<\/div>\n\t\t\t\t<\/div>\n\t\t<div class=\"elementor-element elementor-element-eb1baf4 e-con-full e-flex e-con e-child\" data-id=\"eb1baf4\" data-element_type=\"container\">\n\t\t\t\t<div class=\"elementor-element elementor-element-37e5293 elementor-widget elementor-widget-text-editor\" data-id=\"37e5293\" data-element_type=\"widget\" data-widget_type=\"text-editor.default\">\n\t\t\t\t<div class=\"elementor-widget-container\">\n\t\t\t\t\t\t\t\t\t<p><strong>Mariusz Podymniak (zast\u0119pca redaktora naczelnego w czasopi\u015bmie \u201cJagodnik\u201d, redaktor prowadz\u0105cy portal warzywapolowe.pl)<\/strong><br \/>Tel. +48 608 500 501<br \/>E-mail: mariusz.podymniak@hortusmedia.pl<\/p>\t\t\t\t\t\t\t\t<\/div>\n\t\t\t\t<\/div>\n\t\t\t\t<\/div>\n\t\t\t\t\t<\/div>\n\t\t\t\t<\/div>\n\t\t<div class=\"elementor-element elementor-element-21f8aa2 e-flex e-con-boxed e-con e-parent\" data-id=\"21f8aa2\" data-element_type=\"container\">\n\t\t\t\t\t<div class=\"e-con-inner\">\n\t\t<div class=\"elementor-element elementor-element-05ed52e e-con-full e-flex e-con e-child\" data-id=\"05ed52e\" data-element_type=\"container\">\n\t\t\t\t<div class=\"elementor-element elementor-element-d87397f elementor-widget elementor-widget-image\" data-id=\"d87397f\" data-element_type=\"widget\" data-widget_type=\"image.default\">\n\t\t\t\t<div class=\"elementor-widget-container\">\n\t\t\t\t\t\t\t\t\t\t\t\t\t\t\t<img decoding=\"async\" src=\"https:\/\/web16.wuti.pl\/hortus\/wp-content\/plugins\/elementor\/assets\/images\/placeholder.png\" title=\"\" alt=\"\" loading=\"lazy\" \/>\t\t\t\t\t\t\t\t\t\t\t\t\t\t\t<\/div>\n\t\t\t\t<\/div>\n\t\t\t\t<\/div>\n\t\t<div class=\"elementor-element elementor-element-aa1012e e-con-full e-flex e-con e-child\" data-id=\"aa1012e\" data-element_type=\"container\">\n\t\t\t\t<div class=\"elementor-element elementor-element-d097794 elementor-widget elementor-widget-text-editor\" data-id=\"d097794\" data-element_type=\"widget\" data-widget_type=\"text-editor.default\">\n\t\t\t\t<div class=\"elementor-widget-container\">\n\t\t\t\t\t\t\t\t\t<p><strong>Kamil Knapik &#8211; redaktor<\/strong><br \/>Tel. +48 664 161 991<br \/>E-mail: kamil.knapik@hortusmedia.pl<\/p>\t\t\t\t\t\t\t\t<\/div>\n\t\t\t\t<\/div>\n\t\t\t\t<\/div>\n\t\t\t\t\t<\/div>\n\t\t\t\t<\/div>\n\t\t<div class=\"elementor-element elementor-element-d6f0ca6 e-flex e-con-boxed e-con e-parent\" data-id=\"d6f0ca6\" data-element_type=\"container\">\n\t\t\t\t\t<div class=\"e-con-inner\">\n\t\t\t\t<div class=\"elementor-element elementor-element-e2f0100 elementor-widget elementor-widget-text-editor\" data-id=\"e2f0100\" data-element_type=\"widget\" data-widget_type=\"text-editor.default\">\n\t\t\t\t<div class=\"elementor-widget-container\">\n\t\t\t\t\t\t\t\t\t<p><strong>Dzia\u0142 reklamy<\/strong><\/p>\t\t\t\t\t\t\t\t<\/div>\n\t\t\t\t<\/div>\n\t\t\t\t\t<\/div>\n\t\t\t\t<\/div>\n\t\t<div class=\"elementor-element elementor-element-32e9a45 e-flex e-con-boxed e-con e-parent\" data-id=\"32e9a45\" data-element_type=\"container\">\n\t\t\t\t\t<div class=\"e-con-inner\">\n\t\t<div class=\"elementor-element elementor-element-da15c48 e-con-full e-flex e-con e-child\" data-id=\"da15c48\" data-element_type=\"container\">\n\t\t<div class=\"elementor-element elementor-element-2f5f6d9 e-con-full e-flex e-con e-child\" data-id=\"2f5f6d9\" data-element_type=\"container\">\n\t\t<div class=\"elementor-element elementor-element-e4d7532 e-con-full e-flex e-con e-child\" data-id=\"e4d7532\" data-element_type=\"container\">\n\t\t\t\t<div class=\"elementor-element elementor-element-d796c23 elementor-widget elementor-widget-image\" data-id=\"d796c23\" data-element_type=\"widget\" data-widget_type=\"image.default\">\n\t\t\t\t<div class=\"elementor-widget-container\">\n\t\t\t\t\t\t\t\t\t\t\t\t\t\t\t<img decoding=\"async\" src=\"https:\/\/web16.wuti.pl\/hortus\/wp-content\/plugins\/elementor\/assets\/images\/placeholder.png\" title=\"\" alt=\"\" loading=\"lazy\" \/>\t\t\t\t\t\t\t\t\t\t\t\t\t\t\t<\/div>\n\t\t\t\t<\/div>\n\t\t\t\t<\/div>\n\t\t<div class=\"elementor-element elementor-element-1dbfe85 e-con-full e-flex e-con e-child\" data-id=\"1dbfe85\" data-element_type=\"container\">\n\t\t\t\t<div class=\"elementor-element elementor-element-fd02eb7 elementor-widget elementor-widget-text-editor\" data-id=\"fd02eb7\" data-element_type=\"widget\" data-widget_type=\"text-editor.default\">\n\t\t\t\t<div class=\"elementor-widget-container\">\n\t\t\t\t\t\t\t\t\t<p><strong>Gerard S\u0142owik<\/strong><br \/>Czasopismo\/Portal<br \/>Magazine\/Website<br \/>tel.: 534 111 681<br \/>e-mail: gerard.slowik@hortusmedia.pl<\/p>\t\t\t\t\t\t\t\t<\/div>\n\t\t\t\t<\/div>\n\t\t\t\t<\/div>\n\t\t\t\t<\/div>\n\t\t\t\t<\/div>\n\t\t<div class=\"elementor-element elementor-element-bb5b7aa e-con-full e-flex e-con e-child\" data-id=\"bb5b7aa\" data-element_type=\"container\">\n\t\t<div class=\"elementor-element elementor-element-b248609 e-con-full e-flex e-con e-child\" data-id=\"b248609\" data-element_type=\"container\">\n\t\t<div class=\"elementor-element elementor-element-fa7afa9 e-con-full e-flex e-con e-child\" data-id=\"fa7afa9\" data-element_type=\"container\">\n\t\t\t\t<div class=\"elementor-element elementor-element-e1ae5d5 elementor-widget elementor-widget-image\" data-id=\"e1ae5d5\" data-element_type=\"widget\" data-widget_type=\"image.default\">\n\t\t\t\t<div class=\"elementor-widget-container\">\n\t\t\t\t\t\t\t\t\t\t\t\t\t\t\t<img decoding=\"async\" src=\"https:\/\/web16.wuti.pl\/hortus\/wp-content\/plugins\/elementor\/assets\/images\/placeholder.png\" title=\"\" alt=\"\" loading=\"lazy\" \/>\t\t\t\t\t\t\t\t\t\t\t\t\t\t\t<\/div>\n\t\t\t\t<\/div>\n\t\t\t\t<\/div>\n\t\t<div class=\"elementor-element elementor-element-e15431f e-con-full e-flex e-con e-child\" data-id=\"e15431f\" data-element_type=\"container\">\n\t\t\t\t<div class=\"elementor-element elementor-element-48f36a9 elementor-widget elementor-widget-text-editor\" data-id=\"48f36a9\" data-element_type=\"widget\" data-widget_type=\"text-editor.default\">\n\t\t\t\t<div class=\"elementor-widget-container\">\n\t\t\t\t\t\t\t\t\t<p><strong>Dagmara Werner-Durczak<\/strong><br \/>Czasopismo\/Portal<br \/>Magazine\/Website<br \/>tel.: 662 150 115<br \/>e-mail: dagmara.werner@jagodnik.pl<\/p>\t\t\t\t\t\t\t\t<\/div>\n\t\t\t\t<\/div>\n\t\t\t\t<\/div>\n\t\t\t\t<\/div>\n\t\t\t\t<\/div>\n\t\t\t\t\t<\/div>\n\t\t\t\t<\/div>\n\t\t\t\t<\/div>\n\t\t","protected":false},"excerpt":{"rendered":"<p>Hortus Media Sp. z o.o.Ul. Czerwie\u0144skiego 3a\/1731-319 Krak\u00f3wNIP 945-21-58-017E-mail: biuro@jagodnik.pl REDAKCJA Tomasz Werner (redaktor naczelny czasopisma \u201cJagodnik\u201d )tel. + 48 608 504 404E-mail: tomasz.werner@hortusmedia.pl Mariusz Podymniak (zast\u0119pca redaktora naczelnego w czasopi\u015bmie \u201cJagodnik\u201d, redaktor prowadz\u0105cy portal warzywapolowe.pl)Tel. +48 608 500 501E-mail: mariusz.podymniak@hortusmedia.pl Mariusz Podymniak (zast\u0119pca redaktora naczelnego w czasopi\u015bmie \u201cJagodnik\u201d, redaktor prowadz\u0105cy portal warzywapolowe.pl)Tel. +48 608 [&hellip;]<\/p>\n","protected":false},"author":1,"featured_media":0,"parent":0,"menu_order":0,"comment_status":"closed","ping_status":"closed","template":"","meta":{"footnotes":""},"class_list":["post-1079","page","type-page","status-publish","hentry"],"_links":{"self":[{"href":"https:\/\/web16.wuti.pl\/hortus\/wp-json\/wp\/v2\/pages\/1079","targetHints":{"allow":["GET"]}}],"collection":[{"href":"https:\/\/web16.wuti.pl\/hortus\/wp-json\/wp\/v2\/pages"}],"about":[{"href":"https:\/\/web16.wuti.pl\/hortus\/wp-json\/wp\/v2\/types\/page"}],"author":[{"embeddable":true,"href":"https:\/\/web16.wuti.pl\/hortus\/wp-json\/wp\/v2\/users\/1"}],"replies":[{"embeddable":true,"href":"https:\/\/web16.wuti.pl\/hortus\/wp-json\/wp\/v2\/comments?post=1079"}],"version-history":[{"count":49,"href":"https:\/\/web16.wuti.pl\/hortus\/wp-json\/wp\/v2\/pages\/1079\/revisions"}],"predecessor-version":[{"id":1138,"href":"https:\/\/web16.wuti.pl\/hortus\/wp-json\/wp\/v2\/pages\/1079\/revisions\/1138"}],"wp:attachment":[{"href":"https:\/\/web16.wuti.pl\/hortus\/wp-json\/wp\/v2\/media?parent=1079"}],"curies":[{"name":"wp","href":"https:\/\/api.w.org\/{rel}","templated":true}]}}