{"id":1169,"date":"2025-04-15T12:48:52","date_gmt":"2025-04-15T10:48:52","guid":{"rendered":"https:\/\/web16.wuti.pl\/hortus\/?page_id=1169"},"modified":"2025-04-15T12:50:43","modified_gmt":"2025-04-15T10:50:43","slug":"czasopismo","status":"publish","type":"page","link":"https:\/\/web16.wuti.pl\/hortus\/czasopismo\/","title":{"rendered":"Czasopismo"},"content":{"rendered":"\t\t<div data-elementor-type=\"wp-page\" data-elementor-id=\"1169\" class=\"elementor elementor-1169\" data-elementor-post-type=\"page\">\n\t\t\t\t\t\t<section class=\"elementor-section elementor-top-section elementor-element elementor-element-143f6b1 elementor-section-content-middle elementor-section-boxed elementor-section-height-default elementor-section-height-default\" data-id=\"143f6b1\" data-element_type=\"section\" data-settings=\"{&quot;background_background&quot;:&quot;classic&quot;}\">\n\t\t\t\t\t\t<div class=\"elementor-container elementor-column-gap-extended\">\n\t\t\t\t\t<div class=\"elementor-column elementor-col-100 elementor-top-column elementor-element elementor-element-c6448e3\" data-id=\"c6448e3\" data-element_type=\"column\">\n\t\t\t<div class=\"elementor-widget-wrap elementor-element-populated\">\n\t\t\t\t\t\t<section class=\"elementor-section elementor-inner-section elementor-element elementor-element-5a535b1 elementor-section-content-top elementor-section-boxed elementor-section-height-default elementor-section-height-default\" data-id=\"5a535b1\" data-element_type=\"section\">\n\t\t\t\t\t\t<div class=\"elementor-container elementor-column-gap-no\">\n\t\t\t\t\t<div class=\"elementor-column elementor-col-100 elementor-inner-column elementor-element elementor-element-aa10606\" data-id=\"aa10606\" data-element_type=\"column\">\n\t\t\t<div class=\"elementor-widget-wrap elementor-element-populated\">\n\t\t\t\t\t\t<div class=\"elementor-element elementor-element-91973ec elementor-invisible elementor-widget elementor-widget-spacer\" data-id=\"91973ec\" data-element_type=\"widget\" data-settings=\"{&quot;_animation&quot;:&quot;fadeInLeft&quot;,&quot;_animation_delay&quot;:200}\" data-widget_type=\"spacer.default\">\n\t\t\t\t<div class=\"elementor-widget-container\">\n\t\t\t\t\t\t\t<div class=\"elementor-spacer\">\n\t\t\t<div class=\"elementor-spacer-inner\"><\/div>\n\t\t<\/div>\n\t\t\t\t\t\t<\/div>\n\t\t\t\t<\/div>\n\t\t\t\t<div class=\"elementor-element elementor-element-0835306 elementor-widget elementor-widget-text-editor\" data-id=\"0835306\" data-element_type=\"widget\" data-widget_type=\"text-editor.default\">\n\t\t\t\t<div class=\"elementor-widget-container\">\n\t\t\t\t\t\t\t\t\t Od 2012 roku wydajemy czasopismo \u201eJagodnik\u201d, kt\u00f3re sta\u0142o si\u0119 istotnym narz\u0119dziem dla profesjonalist\u00f3w w bran\u017cy ogrodniczej. \t\t\t\t\t\t\t\t<\/div>\n\t\t\t\t<\/div>\n\t\t\t\t<div class=\"elementor-element elementor-element-15c3371 elementor-widget elementor-widget-text-editor\" data-id=\"15c3371\" data-element_type=\"widget\" data-widget_type=\"text-editor.default\">\n\t\t\t\t<div class=\"elementor-widget-container\">\n\t\t\t\t\t\t\t\t\t<p>Nasz\u0105 misj\u0105 jest wspieranie ogrodniczego biznesu nie tylko poprzez dostarczanie wiedzy, ale tak\u017ce poprzez nowe mo\u017cliwo\u015bci reklamowe, kt\u00f3re oferujemy naszym partnerom.\u00a0<\/p>\t\t\t\t\t\t\t\t<\/div>\n\t\t\t\t<\/div>\n\t\t\t\t\t<\/div>\n\t\t<\/div>\n\t\t\t\t\t<\/div>\n\t\t<\/section>\n\t\t\t\t\t<\/div>\n\t\t<\/div>\n\t\t\t\t\t<\/div>\n\t\t<\/section>\n\t\t\t\t<\/div>\n\t\t","protected":false},"excerpt":{"rendered":"<p>Od 2012 roku wydajemy czasopismo \u201eJagodnik\u201d, kt\u00f3re sta\u0142o si\u0119 istotnym narz\u0119dziem dla profesjonalist\u00f3w w bran\u017cy ogrodniczej. Nasz\u0105 misj\u0105 jest wspieranie ogrodniczego biznesu nie tylko poprzez dostarczanie wiedzy, ale tak\u017ce poprzez nowe mo\u017cliwo\u015bci reklamowe, kt\u00f3re oferujemy naszym partnerom.\u00a0<\/p>\n","protected":false},"author":1,"featured_media":0,"parent":0,"menu_order":0,"comment_status":"closed","ping_status":"closed","template":"","meta":{"footnotes":""},"class_list":["post-1169","page","type-page","status-publish","hentry"],"_links":{"self":[{"href":"https:\/\/web16.wuti.pl\/hortus\/wp-json\/wp\/v2\/pages\/1169","targetHints":{"allow":["GET"]}}],"collection":[{"href":"https:\/\/web16.wuti.pl\/hortus\/wp-json\/wp\/v2\/pages"}],"about":[{"href":"https:\/\/web16.wuti.pl\/hortus\/wp-json\/wp\/v2\/types\/page"}],"author":[{"embeddable":true,"href":"https:\/\/web16.wuti.pl\/hortus\/wp-json\/wp\/v2\/users\/1"}],"replies":[{"embeddable":true,"href":"https:\/\/web16.wuti.pl\/hortus\/wp-json\/wp\/v2\/comments?post=1169"}],"version-history":[{"count":4,"href":"https:\/\/web16.wuti.pl\/hortus\/wp-json\/wp\/v2\/pages\/1169\/revisions"}],"predecessor-version":[{"id":1174,"href":"https:\/\/web16.wuti.pl\/hortus\/wp-json\/wp\/v2\/pages\/1169\/revisions\/1174"}],"wp:attachment":[{"href":"https:\/\/web16.wuti.pl\/hortus\/wp-json\/wp\/v2\/media?parent=1169"}],"curies":[{"name":"wp","href":"https:\/\/api.w.org\/{rel}","templated":true}]}}