{"id":227,"date":"2023-09-27T11:27:56","date_gmt":"2023-09-27T09:27:56","guid":{"rendered":"https:\/\/web16.wuti.pl\/hortus\/?page_id=227"},"modified":"2025-02-28T14:29:34","modified_gmt":"2025-02-28T13:29:34","slug":"oferta","status":"publish","type":"page","link":"https:\/\/web16.wuti.pl\/hortus\/oferta\/","title":{"rendered":"Oferta"},"content":{"rendered":"\t\t<div data-elementor-type=\"wp-page\" data-elementor-id=\"227\" class=\"elementor elementor-227\" data-elementor-post-type=\"page\">\n\t\t\t\t\t\t<section class=\"elementor-section elementor-top-section elementor-element elementor-element-2a43b8de elementor-section-content-middle elementor-section-boxed elementor-section-height-default elementor-section-height-default\" data-id=\"2a43b8de\" data-element_type=\"section\" id=\"program\" data-settings=\"{&quot;background_background&quot;:&quot;classic&quot;}\">\n\t\t\t\t\t\t<div class=\"elementor-container elementor-column-gap-extended\">\n\t\t\t\t\t<div class=\"elementor-column elementor-col-100 elementor-top-column elementor-element elementor-element-1fd1744f\" data-id=\"1fd1744f\" data-element_type=\"column\">\n\t\t\t<div class=\"elementor-widget-wrap elementor-element-populated\">\n\t\t\t\t\t\t<section class=\"elementor-section elementor-inner-section elementor-element elementor-element-1fba5ef9 elementor-section-content-top elementor-section-boxed elementor-section-height-default elementor-section-height-default\" data-id=\"1fba5ef9\" data-element_type=\"section\">\n\t\t\t\t\t\t<div class=\"elementor-container elementor-column-gap-no\">\n\t\t\t\t\t<div class=\"elementor-column elementor-col-100 elementor-inner-column elementor-element elementor-element-39f64231\" data-id=\"39f64231\" data-element_type=\"column\">\n\t\t\t<div class=\"elementor-widget-wrap elementor-element-populated\">\n\t\t\t\t\t\t<div class=\"elementor-element elementor-element-456368b7 elementor-invisible elementor-widget elementor-widget-spacer\" data-id=\"456368b7\" data-element_type=\"widget\" data-settings=\"{&quot;_animation&quot;:&quot;fadeInLeft&quot;,&quot;_animation_delay&quot;:200}\" data-widget_type=\"spacer.default\">\n\t\t\t\t<div class=\"elementor-widget-container\">\n\t\t\t\t\t\t\t<div class=\"elementor-spacer\">\n\t\t\t<div class=\"elementor-spacer-inner\"><\/div>\n\t\t<\/div>\n\t\t\t\t\t\t<\/div>\n\t\t\t\t<\/div>\n\t\t\t\t<div class=\"elementor-element elementor-element-52bc177d elementor-widget elementor-widget-text-editor\" data-id=\"52bc177d\" data-element_type=\"widget\" data-widget_type=\"text-editor.default\">\n\t\t\t\t<div class=\"elementor-widget-container\">\n\t\t\t\t\t\t\t\t\t<p><strong>W Hortus Media specjalizujemy si\u0119 w tworzeniu indywidualnych projekt\u00f3w reklamowych, kt\u00f3re skutecznie wspieraj\u0105 rozw\u00f3j biznes\u00f3w w bran\u017cy ogrodniczej.<\/strong> Nasza oferta obejmuje kompleksow\u0105 pomoc w realizacji kampanii reklamowych \u2013 od ma\u0142ych inicjatyw po du\u017ce projekty. Zdajemy sobie spraw\u0119, jak istotne jest dobre pozycjonowanie produkt\u00f3w na rynku, dlatego nasz zesp\u00f3\u0142 wsp\u00f3\u0142pracuje z Wami tak aby zrealizowa\u0107 Wasze wizje i cele..<\/p><p>(mo\u017ce dalej po klikni\u0119ciu wi\u0119cej\u2026)<br \/>Dysponujemy bogat\u0105 baz\u0105 zdj\u0119ciow\u0105, obejmuj\u0105c\u0105 r\u00f3\u017cnorodne aspekty upraw ogrodniczych, co pozwala nam tworzy\u0107 profesjonalne materia\u0142y promocyjne. Na \u017cyczenie mo\u017cemy r\u00f3wnie\u017c zorganizowa\u0107 konferencje oraz zaprosi\u0107 Pa\u0144stwa do udzia\u0142u w projektach, kt\u00f3re realizujemy. Nasze podej\u015bcie jest elastyczne \u2013 dostosowujemy si\u0119 do indywidualnych potrzeb klient\u00f3w, oferuj\u0105c unikalne rozwi\u0105zania reklamowe.<\/p><p>Je\u015bli planujesz wydarzenie, mo\u017cemy przygotowa\u0107 na zam\u00f3wienie sesje zdj\u0119ciowe lub filmy, kt\u00f3re uwieczni\u0105 jego najwa\u017cniejsze momenty. Nasza kreatywno\u015b\u0107 i do\u015bwiadczenie pomog\u0105 w kreowaniu atrakcyjnych materia\u0142\u00f3w promocyjnych, kt\u00f3re przyci\u0105gn\u0105 uwag\u0119 i zainteresowanie odbiorc\u00f3w.<\/p><p>Czy masz inne oczekiwania lub potrzeby? Nic prostszego! Skontaktuj si\u0119 z nami, a my z ch\u0119ci\u0105 pomo\u017cemy w realizacji indywidualnych projekt\u00f3w. Nasza misja to wspieranie Twojego biznesu w ogrodnictwie poprzez skuteczne strategie reklamowe i marketingowe. Razem zmienimy Twoje pomys\u0142y w rzeczywisto\u015b\u0107!<\/p>\t\t\t\t\t\t\t\t<\/div>\n\t\t\t\t<\/div>\n\t\t\t\t<div class=\"elementor-element elementor-element-c1061a5 elementor-align-left elementor-invisible elementor-widget elementor-widget-button\" data-id=\"c1061a5\" data-element_type=\"widget\" data-settings=\"{&quot;_animation&quot;:&quot;fadeInUp&quot;}\" data-widget_type=\"button.default\">\n\t\t\t\t<div class=\"elementor-widget-container\">\n\t\t\t\t\t\t\t\t\t<div class=\"elementor-button-wrapper\">\n\t\t\t\t\t<a class=\"elementor-button elementor-button-link elementor-size-md elementor-animation-float\" href=\"https:\/\/web16.wuti.pl\/hortus\/kontakt\/\">\n\t\t\t\t\t\t<span class=\"elementor-button-content-wrapper\">\n\t\t\t\t\t\t<span class=\"elementor-button-icon\">\n\t\t\t\t<i aria-hidden=\"true\" class=\"fas fa-angle-down\"><\/i>\t\t\t<\/span>\n\t\t\t\t\t\t\t\t\t<span class=\"elementor-button-text\">Zapraszamy do kontaktu<\/span>\n\t\t\t\t\t<\/span>\n\t\t\t\t\t<\/a>\n\t\t\t\t<\/div>\n\t\t\t\t\t\t\t\t<\/div>\n\t\t\t\t<\/div>\n\t\t\t\t\t<\/div>\n\t\t<\/div>\n\t\t\t\t\t<\/div>\n\t\t<\/section>\n\t\t\t\t\t<\/div>\n\t\t<\/div>\n\t\t\t\t\t<\/div>\n\t\t<\/section>\n\t\t\t\t<\/div>\n\t\t","protected":false},"excerpt":{"rendered":"<p>W Hortus Media specjalizujemy si\u0119 w tworzeniu indywidualnych projekt\u00f3w reklamowych, kt\u00f3re skutecznie wspieraj\u0105 rozw\u00f3j biznes\u00f3w w bran\u017cy ogrodniczej. Nasza oferta obejmuje kompleksow\u0105 pomoc w realizacji kampanii reklamowych \u2013 od ma\u0142ych inicjatyw po du\u017ce projekty. Zdajemy sobie spraw\u0119, jak istotne jest dobre pozycjonowanie produkt\u00f3w na rynku, dlatego nasz zesp\u00f3\u0142 wsp\u00f3\u0142pracuje z Wami tak aby zrealizowa\u0107 Wasze [&hellip;]<\/p>\n","protected":false},"author":1,"featured_media":0,"parent":0,"menu_order":0,"comment_status":"closed","ping_status":"closed","template":"","meta":{"footnotes":""},"class_list":["post-227","page","type-page","status-publish","hentry"],"_links":{"self":[{"href":"https:\/\/web16.wuti.pl\/hortus\/wp-json\/wp\/v2\/pages\/227","targetHints":{"allow":["GET"]}}],"collection":[{"href":"https:\/\/web16.wuti.pl\/hortus\/wp-json\/wp\/v2\/pages"}],"about":[{"href":"https:\/\/web16.wuti.pl\/hortus\/wp-json\/wp\/v2\/types\/page"}],"author":[{"embeddable":true,"href":"https:\/\/web16.wuti.pl\/hortus\/wp-json\/wp\/v2\/users\/1"}],"replies":[{"embeddable":true,"href":"https:\/\/web16.wuti.pl\/hortus\/wp-json\/wp\/v2\/comments?post=227"}],"version-history":[{"count":123,"href":"https:\/\/web16.wuti.pl\/hortus\/wp-json\/wp\/v2\/pages\/227\/revisions"}],"predecessor-version":[{"id":1155,"href":"https:\/\/web16.wuti.pl\/hortus\/wp-json\/wp\/v2\/pages\/227\/revisions\/1155"}],"wp:attachment":[{"href":"https:\/\/web16.wuti.pl\/hortus\/wp-json\/wp\/v2\/media?parent=227"}],"curies":[{"name":"wp","href":"https:\/\/api.w.org\/{rel}","templated":true}]}}