{"id":314,"date":"2023-09-27T15:18:32","date_gmt":"2023-09-27T13:18:32","guid":{"rendered":"https:\/\/web16.wuti.pl\/hortus\/?page_id=314"},"modified":"2025-02-28T14:30:04","modified_gmt":"2025-02-28T13:30:04","slug":"nasze-projekty","status":"publish","type":"page","link":"https:\/\/web16.wuti.pl\/hortus\/nasze-projekty\/","title":{"rendered":"Nasze projekty"},"content":{"rendered":"\t\t<div data-elementor-type=\"wp-page\" data-elementor-id=\"314\" class=\"elementor elementor-314\" data-elementor-post-type=\"page\">\n\t\t\t\t\t\t<section class=\"elementor-section elementor-top-section elementor-element elementor-element-bea5c53 elementor-section-content-middle elementor-section-boxed elementor-section-height-default elementor-section-height-default\" data-id=\"bea5c53\" data-element_type=\"section\" data-settings=\"{&quot;background_background&quot;:&quot;classic&quot;}\">\n\t\t\t\t\t\t<div class=\"elementor-container elementor-column-gap-extended\">\n\t\t\t\t\t<div class=\"elementor-column elementor-col-100 elementor-top-column elementor-element elementor-element-8a4592b\" data-id=\"8a4592b\" data-element_type=\"column\">\n\t\t\t<div class=\"elementor-widget-wrap elementor-element-populated\">\n\t\t\t\t\t\t<section class=\"elementor-section elementor-inner-section elementor-element elementor-element-5d009cd elementor-section-content-top elementor-section-boxed elementor-section-height-default elementor-section-height-default\" data-id=\"5d009cd\" data-element_type=\"section\">\n\t\t\t\t\t\t<div class=\"elementor-container elementor-column-gap-no\">\n\t\t\t\t\t<div class=\"elementor-column elementor-col-100 elementor-inner-column elementor-element elementor-element-e3162a6\" data-id=\"e3162a6\" data-element_type=\"column\">\n\t\t\t<div class=\"elementor-widget-wrap elementor-element-populated\">\n\t\t\t\t\t\t<div class=\"elementor-element elementor-element-9b3c104 elementor-invisible elementor-widget elementor-widget-spacer\" data-id=\"9b3c104\" data-element_type=\"widget\" data-settings=\"{&quot;_animation&quot;:&quot;fadeInLeft&quot;,&quot;_animation_delay&quot;:200}\" data-widget_type=\"spacer.default\">\n\t\t\t\t<div class=\"elementor-widget-container\">\n\t\t\t\t\t\t\t<div class=\"elementor-spacer\">\n\t\t\t<div class=\"elementor-spacer-inner\"><\/div>\n\t\t<\/div>\n\t\t\t\t\t\t<\/div>\n\t\t\t\t<\/div>\n\t\t\t\t<div class=\"elementor-element elementor-element-43762d6 elementor-widget elementor-widget-text-editor\" data-id=\"43762d6\" data-element_type=\"widget\" data-widget_type=\"text-editor.default\">\n\t\t\t\t<div class=\"elementor-widget-container\">\n\t\t\t\t\t\t\t\t\tFirma Hortus Media r\u00f3wnocze\u015bnie z dzia\u0142alno\u015bci\u0105 wydawnicz\u0105 realizuje liczne projekty skierowane dla ogrodnik\u00f3w:\t\t\t\t\t\t\t\t<\/div>\n\t\t\t\t<\/div>\n\t\t\t\t<div class=\"elementor-element elementor-element-afc7b30 elementor-widget elementor-widget-text-editor\" data-id=\"afc7b30\" data-element_type=\"widget\" data-widget_type=\"text-editor.default\">\n\t\t\t\t<div class=\"elementor-widget-container\">\n\t\t\t\t\t\t\t\t\t<p><span style=\"font-weight: 400;\">Cykliczne: Bor\u00f3wkowe Factory, Malinowe Factory, Truskawkowe Inspiracje,\u00a0<\/span><\/p><p><span style=\"font-weight: 400;\">Wynikaj\u0105ce z potrzeby: Burak \u0107wik\u0142owy #profesjonalnie, <\/span><span style=\"font-weight: 400;\">#100ton og\u00f3rk\u00f3w z hektara, Truskawki w tunelach, Owoce jagodowe w tunelach.<\/span><\/p><p><span style=\"font-weight: 400;\">Jeste\u015bmy organizatorem licznych konferencji:\u00a0<\/span><\/p><ul><li style=\"font-weight: 400;\" aria-level=\"1\"><span style=\"font-weight: 400;\">Mi\u0119dzynarodowa Konferencja Bor\u00f3wkowa,\u00a0<\/span><\/li><li style=\"font-weight: 400;\" aria-level=\"1\"><span style=\"font-weight: 400;\">Mi\u0119dzynarodowa Konferencja Truskawkowo-Malinowa &#8211; Berry Forum<\/span><\/li><li style=\"font-weight: 400;\" aria-level=\"1\"><span style=\"font-weight: 400;\">Konferencja Truskawkowa na targach TSW\u00a0<\/span><\/li><\/ul>\t\t\t\t\t\t\t\t<\/div>\n\t\t\t\t<\/div>\n\t\t\t\t<div class=\"elementor-element elementor-element-ac00830 elementor-widget elementor-widget-gallery\" data-id=\"ac00830\" data-element_type=\"widget\" data-settings=\"{&quot;gallery_layout&quot;:&quot;masonry&quot;,&quot;lazyload&quot;:&quot;yes&quot;,&quot;columns&quot;:4,&quot;columns_tablet&quot;:2,&quot;columns_mobile&quot;:1,&quot;gap&quot;:{&quot;unit&quot;:&quot;px&quot;,&quot;size&quot;:10,&quot;sizes&quot;:[]},&quot;gap_tablet&quot;:{&quot;unit&quot;:&quot;px&quot;,&quot;size&quot;:10,&quot;sizes&quot;:[]},&quot;gap_mobile&quot;:{&quot;unit&quot;:&quot;px&quot;,&quot;size&quot;:10,&quot;sizes&quot;:[]},&quot;link_to&quot;:&quot;file&quot;,&quot;overlay_background&quot;:&quot;yes&quot;,&quot;content_hover_animation&quot;:&quot;fade-in&quot;}\" data-widget_type=\"gallery.default\">\n\t\t\t\t<div class=\"elementor-widget-container\">\n\t\t\t\t\t\t\t<div class=\"elementor-gallery__container\">\n\t\t\t\t\t\t\t<a class=\"e-gallery-item elementor-gallery-item elementor-animated-content\" href=\"https:\/\/web16.wuti.pl\/hortus\/wp-content\/uploads\/2025\/02\/KK_logo_bez_daty.png\" data-elementor-open-lightbox=\"yes\" data-elementor-lightbox-slideshow=\"ac00830\" data-elementor-lightbox-title=\"KK_logo_bez_daty\" data-e-action-hash=\"#elementor-action%3Aaction%3Dlightbox%26settings%3DeyJpZCI6MTA2NywidXJsIjoiaHR0cHM6XC9cL3dlYjE2Lnd1dGkucGxcL2hvcnR1c1wvd3AtY29udGVudFwvdXBsb2Fkc1wvMjAyNVwvMDJcL0tLX2xvZ29fYmV6X2RhdHkucG5nIiwic2xpZGVzaG93IjoiYWMwMDgzMCJ9\">\n\t\t\t\t\t<div class=\"e-gallery-image elementor-gallery-item__image\" data-thumbnail=\"https:\/\/web16.wuti.pl\/hortus\/wp-content\/uploads\/2025\/02\/KK_logo_bez_daty-300x86.png\" data-width=\"300\" data-height=\"86\" aria-label=\"\" role=\"img\" ><\/div>\n\t\t\t\t\t\t\t\t\t\t\t<div class=\"elementor-gallery-item__overlay\"><\/div>\n\t\t\t\t\t\t\t\t\t\t\t\t\t\t<\/a>\n\t\t\t\t\t\t\t<a class=\"e-gallery-item elementor-gallery-item elementor-animated-content\" href=\"https:\/\/web16.wuti.pl\/hortus\/wp-content\/uploads\/2025\/02\/logo_BF_bez_daty_biale_tlo.png\" data-elementor-open-lightbox=\"yes\" data-elementor-lightbox-slideshow=\"ac00830\" data-elementor-lightbox-title=\"logo_BF_bez_daty_biale_tlo\" data-e-action-hash=\"#elementor-action%3Aaction%3Dlightbox%26settings%3DeyJpZCI6MTA2OSwidXJsIjoiaHR0cHM6XC9cL3dlYjE2Lnd1dGkucGxcL2hvcnR1c1wvd3AtY29udGVudFwvdXBsb2Fkc1wvMjAyNVwvMDJcL2xvZ29fQkZfYmV6X2RhdHlfYmlhbGVfdGxvLnBuZyIsInNsaWRlc2hvdyI6ImFjMDA4MzAifQ%3D%3D\">\n\t\t\t\t\t<div class=\"e-gallery-image elementor-gallery-item__image\" data-thumbnail=\"https:\/\/web16.wuti.pl\/hortus\/wp-content\/uploads\/2025\/02\/logo_BF_bez_daty_biale_tlo-300x156.png\" data-width=\"300\" data-height=\"156\" aria-label=\"\" role=\"img\" ><\/div>\n\t\t\t\t\t\t\t\t\t\t\t<div class=\"elementor-gallery-item__overlay\"><\/div>\n\t\t\t\t\t\t\t\t\t\t\t\t\t\t<\/a>\n\t\t\t\t\t\t\t<a class=\"e-gallery-item elementor-gallery-item elementor-animated-content\" href=\"https:\/\/web16.wuti.pl\/hortus\/wp-content\/uploads\/2025\/02\/logo_MF_biale_tlo.png\" data-elementor-open-lightbox=\"yes\" data-elementor-lightbox-slideshow=\"ac00830\" data-elementor-lightbox-title=\"logo_MF_biale_tlo\" data-e-action-hash=\"#elementor-action%3Aaction%3Dlightbox%26settings%3DeyJpZCI6MTA3MSwidXJsIjoiaHR0cHM6XC9cL3dlYjE2Lnd1dGkucGxcL2hvcnR1c1wvd3AtY29udGVudFwvdXBsb2Fkc1wvMjAyNVwvMDJcL2xvZ29fTUZfYmlhbGVfdGxvLnBuZyIsInNsaWRlc2hvdyI6ImFjMDA4MzAifQ%3D%3D\">\n\t\t\t\t\t<div class=\"e-gallery-image elementor-gallery-item__image\" data-thumbnail=\"https:\/\/web16.wuti.pl\/hortus\/wp-content\/uploads\/2025\/02\/logo_MF_biale_tlo-300x155.png\" data-width=\"300\" data-height=\"155\" aria-label=\"\" role=\"img\" ><\/div>\n\t\t\t\t\t\t\t\t\t\t\t<div class=\"elementor-gallery-item__overlay\"><\/div>\n\t\t\t\t\t\t\t\t\t\t\t\t\t\t<\/a>\n\t\t\t\t\t\t\t<a class=\"e-gallery-item elementor-gallery-item elementor-animated-content\" href=\"https:\/\/web16.wuti.pl\/hortus\/wp-content\/uploads\/2025\/02\/truskawka_tunel_OK.png\" data-elementor-open-lightbox=\"yes\" data-elementor-lightbox-slideshow=\"ac00830\" data-elementor-lightbox-title=\"truskawka_tunel_OK\" data-e-action-hash=\"#elementor-action%3Aaction%3Dlightbox%26settings%3DeyJpZCI6MTA3MywidXJsIjoiaHR0cHM6XC9cL3dlYjE2Lnd1dGkucGxcL2hvcnR1c1wvd3AtY29udGVudFwvdXBsb2Fkc1wvMjAyNVwvMDJcL3RydXNrYXdrYV90dW5lbF9PSy5wbmciLCJzbGlkZXNob3ciOiJhYzAwODMwIn0%3D\">\n\t\t\t\t\t<div class=\"e-gallery-image elementor-gallery-item__image\" data-thumbnail=\"https:\/\/web16.wuti.pl\/hortus\/wp-content\/uploads\/2025\/02\/truskawka_tunel_OK-300x137.png\" data-width=\"300\" data-height=\"137\" aria-label=\"\" role=\"img\" ><\/div>\n\t\t\t\t\t\t\t\t\t\t\t<div class=\"elementor-gallery-item__overlay\"><\/div>\n\t\t\t\t\t\t\t\t\t\t\t\t\t\t<\/a>\n\t\t\t\t\t\t\t<a class=\"e-gallery-item elementor-gallery-item elementor-animated-content\" href=\"https:\/\/web16.wuti.pl\/hortus\/wp-content\/uploads\/2025\/02\/Truskawkowe_Inspiracje.png\" data-elementor-open-lightbox=\"yes\" data-elementor-lightbox-slideshow=\"ac00830\" data-elementor-lightbox-title=\"Truskawkowe_Inspiracje\" data-e-action-hash=\"#elementor-action%3Aaction%3Dlightbox%26settings%3DeyJpZCI6MTA3NSwidXJsIjoiaHR0cHM6XC9cL3dlYjE2Lnd1dGkucGxcL2hvcnR1c1wvd3AtY29udGVudFwvdXBsb2Fkc1wvMjAyNVwvMDJcL1RydXNrYXdrb3dlX0luc3BpcmFjamUucG5nIiwic2xpZGVzaG93IjoiYWMwMDgzMCJ9\">\n\t\t\t\t\t<div class=\"e-gallery-image elementor-gallery-item__image\" data-thumbnail=\"https:\/\/web16.wuti.pl\/hortus\/wp-content\/uploads\/2025\/02\/Truskawkowe_Inspiracje-300x96.png\" data-width=\"300\" data-height=\"96\" aria-label=\"\" role=\"img\" ><\/div>\n\t\t\t\t\t\t\t\t\t\t\t<div class=\"elementor-gallery-item__overlay\"><\/div>\n\t\t\t\t\t\t\t\t\t\t\t\t\t\t<\/a>\n\t\t\t\t\t<\/div>\n\t\t\t\t\t<\/div>\n\t\t\t\t<\/div>\n\t\t\t\t\t<\/div>\n\t\t<\/div>\n\t\t\t\t\t<\/div>\n\t\t<\/section>\n\t\t\t\t\t<\/div>\n\t\t<\/div>\n\t\t\t\t\t<\/div>\n\t\t<\/section>\n\t\t\t\t<\/div>\n\t\t","protected":false},"excerpt":{"rendered":"<p>Firma Hortus Media r\u00f3wnocze\u015bnie z dzia\u0142alno\u015bci\u0105 wydawnicz\u0105 realizuje liczne projekty skierowane dla ogrodnik\u00f3w: Cykliczne: Bor\u00f3wkowe Factory, Malinowe Factory, Truskawkowe Inspiracje,\u00a0 Wynikaj\u0105ce z potrzeby: Burak \u0107wik\u0142owy #profesjonalnie, #100ton og\u00f3rk\u00f3w z hektara, Truskawki w tunelach, Owoce jagodowe w tunelach. Jeste\u015bmy organizatorem licznych konferencji:\u00a0 Mi\u0119dzynarodowa Konferencja Bor\u00f3wkowa,\u00a0 Mi\u0119dzynarodowa Konferencja Truskawkowo-Malinowa &#8211; Berry Forum Konferencja Truskawkowa na targach TSW\u00a0<\/p>\n","protected":false},"author":1,"featured_media":0,"parent":0,"menu_order":0,"comment_status":"closed","ping_status":"closed","template":"","meta":{"footnotes":""},"class_list":["post-314","page","type-page","status-publish","hentry"],"_links":{"self":[{"href":"https:\/\/web16.wuti.pl\/hortus\/wp-json\/wp\/v2\/pages\/314","targetHints":{"allow":["GET"]}}],"collection":[{"href":"https:\/\/web16.wuti.pl\/hortus\/wp-json\/wp\/v2\/pages"}],"about":[{"href":"https:\/\/web16.wuti.pl\/hortus\/wp-json\/wp\/v2\/types\/page"}],"author":[{"embeddable":true,"href":"https:\/\/web16.wuti.pl\/hortus\/wp-json\/wp\/v2\/users\/1"}],"replies":[{"embeddable":true,"href":"https:\/\/web16.wuti.pl\/hortus\/wp-json\/wp\/v2\/comments?post=314"}],"version-history":[{"count":60,"href":"https:\/\/web16.wuti.pl\/hortus\/wp-json\/wp\/v2\/pages\/314\/revisions"}],"predecessor-version":[{"id":1158,"href":"https:\/\/web16.wuti.pl\/hortus\/wp-json\/wp\/v2\/pages\/314\/revisions\/1158"}],"wp:attachment":[{"href":"https:\/\/web16.wuti.pl\/hortus\/wp-json\/wp\/v2\/media?parent=314"}],"curies":[{"name":"wp","href":"https:\/\/api.w.org\/{rel}","templated":true}]}}