{"id":663,"date":"2024-02-21T13:50:29","date_gmt":"2024-02-21T12:50:29","guid":{"rendered":"https:\/\/web16.wuti.pl\/hortus\/?page_id=663"},"modified":"2025-04-15T12:57:41","modified_gmt":"2025-04-15T10:57:41","slug":"nasze-strony-internetowe","status":"publish","type":"page","link":"https:\/\/web16.wuti.pl\/hortus\/nasze-strony-internetowe\/","title":{"rendered":"Nasze strony internetowe"},"content":{"rendered":"\t\t<div data-elementor-type=\"wp-page\" data-elementor-id=\"663\" class=\"elementor elementor-663\" data-elementor-post-type=\"page\">\n\t\t\t\t\t\t<section class=\"elementor-section elementor-top-section elementor-element elementor-element-a2604a2 elementor-section-boxed elementor-section-height-default elementor-section-height-default\" data-id=\"a2604a2\" data-element_type=\"section\">\n\t\t\t\t\t\t<div class=\"elementor-container elementor-column-gap-default\">\n\t\t\t\t\t<div class=\"elementor-column elementor-col-100 elementor-top-column elementor-element elementor-element-1a4735d\" data-id=\"1a4735d\" data-element_type=\"column\">\n\t\t\t<div class=\"elementor-widget-wrap elementor-element-populated\">\n\t\t\t\t\t\t<section class=\"elementor-section elementor-inner-section elementor-element elementor-element-379a7c2 elementor-section-content-top elementor-section-boxed elementor-section-height-default elementor-section-height-default\" data-id=\"379a7c2\" data-element_type=\"section\">\n\t\t\t\t\t\t<div class=\"elementor-container elementor-column-gap-no\">\n\t\t\t\t\t<div class=\"elementor-column elementor-col-50 elementor-inner-column elementor-element elementor-element-04d2675\" data-id=\"04d2675\" data-element_type=\"column\">\n\t\t\t<div class=\"elementor-widget-wrap elementor-element-populated\">\n\t\t\t\t\t\t<div class=\"elementor-element elementor-element-e7b707a elementor-invisible elementor-widget elementor-widget-spacer\" data-id=\"e7b707a\" data-element_type=\"widget\" data-settings=\"{&quot;_animation&quot;:&quot;fadeInLeft&quot;,&quot;_animation_delay&quot;:200}\" data-widget_type=\"spacer.default\">\n\t\t\t\t<div class=\"elementor-widget-container\">\n\t\t\t\t\t\t\t<div class=\"elementor-spacer\">\n\t\t\t<div class=\"elementor-spacer-inner\"><\/div>\n\t\t<\/div>\n\t\t\t\t\t\t<\/div>\n\t\t\t\t<\/div>\n\t\t\t\t<div class=\"elementor-element elementor-element-6b6bf60 elementor-widget elementor-widget-image\" data-id=\"6b6bf60\" data-element_type=\"widget\" data-widget_type=\"image.default\">\n\t\t\t\t<div class=\"elementor-widget-container\">\n\t\t\t\t\t\t\t\t\t\t\t\t\t\t\t<img fetchpriority=\"high\" decoding=\"async\" width=\"800\" height=\"152\" src=\"https:\/\/web16.wuti.pl\/hortus\/wp-content\/uploads\/2025\/02\/logo_jagodnik_pl-1024x195.jpg\" class=\"attachment-large size-large wp-image-1005\" alt=\"\" srcset=\"https:\/\/web16.wuti.pl\/hortus\/wp-content\/uploads\/2025\/02\/logo_jagodnik_pl-1024x195.jpg 1024w, https:\/\/web16.wuti.pl\/hortus\/wp-content\/uploads\/2025\/02\/logo_jagodnik_pl-300x57.jpg 300w, https:\/\/web16.wuti.pl\/hortus\/wp-content\/uploads\/2025\/02\/logo_jagodnik_pl-768x146.jpg 768w, https:\/\/web16.wuti.pl\/hortus\/wp-content\/uploads\/2025\/02\/logo_jagodnik_pl.jpg 1398w\" sizes=\"(max-width: 800px) 100vw, 800px\" \/>\t\t\t\t\t\t\t\t\t\t\t\t\t\t\t<\/div>\n\t\t\t\t<\/div>\n\t\t\t\t<div class=\"elementor-element elementor-element-7deda3c elementor-widget elementor-widget-text-editor\" data-id=\"7deda3c\" data-element_type=\"widget\" data-widget_type=\"text-editor.default\">\n\t\t\t\t<div class=\"elementor-widget-container\">\n\t\t\t\t\t\t\t\t\t<p><span style=\"font-weight: 400;\">wiod\u0105cym i najwi\u0119kszym serwisie internetowym w Polsce, dedykowanym ro\u015blinom jagodowym. Nasza platforma to niezawodne \u017ar\u00f3d\u0142o informacji, kt\u00f3re na bie\u017c\u0105co relacjonuje najnowsze trendy oraz innowacje z zakresu uprawy: truskawek, malin, bor\u00f3wek, porzeczek, aronii, jagody kamczackiej i wielu innych ma\u0142o znanych upraw jagodowych.\u00a0<\/span><\/p>\t\t\t\t\t\t\t\t<\/div>\n\t\t\t\t<\/div>\n\t\t\t\t\t<\/div>\n\t\t<\/div>\n\t\t\t\t<div class=\"elementor-column elementor-col-50 elementor-inner-column elementor-element elementor-element-d23719a elementor-invisible\" data-id=\"d23719a\" data-element_type=\"column\" data-settings=\"{&quot;animation&quot;:&quot;fadeInUp&quot;,&quot;background_background&quot;:&quot;classic&quot;}\">\n\t\t\t<div class=\"elementor-widget-wrap\">\n\t\t\t\t\t\t\t<\/div>\n\t\t<\/div>\n\t\t\t\t\t<\/div>\n\t\t<\/section>\n\t\t\t\t<section class=\"elementor-section elementor-inner-section elementor-element elementor-element-b464229 elementor-section-content-top elementor-section-boxed elementor-section-height-default elementor-section-height-default\" data-id=\"b464229\" data-element_type=\"section\">\n\t\t\t\t\t\t<div class=\"elementor-container elementor-column-gap-no\">\n\t\t\t\t\t<div class=\"elementor-column elementor-col-50 elementor-inner-column elementor-element elementor-element-d4c0941 elementor-invisible\" data-id=\"d4c0941\" data-element_type=\"column\" data-settings=\"{&quot;animation&quot;:&quot;fadeInUp&quot;,&quot;background_background&quot;:&quot;classic&quot;}\">\n\t\t\t<div class=\"elementor-widget-wrap elementor-element-populated\">\n\t\t\t\t\t\t<div class=\"elementor-element elementor-element-ccbdca4 elementor-widget elementor-widget-video\" data-id=\"ccbdca4\" data-element_type=\"widget\" data-settings=\"{&quot;youtube_url&quot;:&quot;https:\\\/\\\/www.youtube.com\\\/watch?v=cZSRXQMXUqQ&quot;,&quot;video_type&quot;:&quot;youtube&quot;,&quot;controls&quot;:&quot;yes&quot;}\" data-widget_type=\"video.default\">\n\t\t\t\t<div class=\"elementor-widget-container\">\n\t\t\t\t\t\t\t<div class=\"elementor-wrapper elementor-open-inline\">\n\t\t\t<div class=\"elementor-video\"><\/div>\t\t<\/div>\n\t\t\t\t\t\t<\/div>\n\t\t\t\t<\/div>\n\t\t\t\t\t<\/div>\n\t\t<\/div>\n\t\t\t\t<div class=\"elementor-column elementor-col-50 elementor-inner-column elementor-element elementor-element-1e892f7\" data-id=\"1e892f7\" data-element_type=\"column\">\n\t\t\t<div class=\"elementor-widget-wrap elementor-element-populated\">\n\t\t\t\t\t\t<div class=\"elementor-element elementor-element-b5ae943 elementor-widget elementor-widget-text-editor\" data-id=\"b5ae943\" data-element_type=\"widget\" data-widget_type=\"text-editor.default\">\n\t\t\t\t<div class=\"elementor-widget-container\">\n\t\t\t\t\t\t\t\t\t<p>Oferujemy rzetelne i kompleksowe artyku\u0142y oraz analizy, kt\u00f3re wspieraj\u0105 zar\u00f3wno profesjonalnych producent\u00f3w, jak i amator\u00f3w ogrodnictwa. Naszym celem jest dostarczenie wiedzy, kt\u00f3ra pozwala na efektywne zarz\u0105dzanie uprawami, zwi\u0119kszaj\u0105c plony i jako\u015b\u0107 owoc\u00f3w.<br \/>Dzi\u0119ki wsp\u00f3\u0142pracy z ekspertami z bran\u017cy, realizowanym projektom oraz ci\u0105g\u0142emu \u015bledzeniu rynku, jagodnik.pl sta\u0142 si\u0119 kluczowym narz\u0119dziem dla wszystkich zainteresowanych upraw\u0105 ro\u015blin jagodowych. Zach\u0119camy do regularnego odwiedzania naszego serwisu, aby by\u0107 na bie\u017c\u0105co ze wszystkim, co dotyczy upraw jagodowych \u2013 od nowinek technologicznych po praktyczne porady!<\/p>\t\t\t\t\t\t\t\t<\/div>\n\t\t\t\t<\/div>\n\t\t\t\t\t<\/div>\n\t\t<\/div>\n\t\t\t\t\t<\/div>\n\t\t<\/section>\n\t\t\t\t\t<\/div>\n\t\t<\/div>\n\t\t\t\t\t<\/div>\n\t\t<\/section>\n\t\t\t\t<section class=\"elementor-section elementor-top-section elementor-element elementor-element-13b139e elementor-section-boxed elementor-section-height-default elementor-section-height-default\" data-id=\"13b139e\" data-element_type=\"section\">\n\t\t\t\t\t\t<div class=\"elementor-container elementor-column-gap-default\">\n\t\t\t\t\t<div class=\"elementor-column elementor-col-100 elementor-top-column elementor-element elementor-element-fd21746\" data-id=\"fd21746\" data-element_type=\"column\">\n\t\t\t<div class=\"elementor-widget-wrap elementor-element-populated\">\n\t\t\t\t\t\t<section class=\"elementor-section elementor-inner-section elementor-element elementor-element-c04613c elementor-section-content-top elementor-section-boxed elementor-section-height-default elementor-section-height-default\" data-id=\"c04613c\" data-element_type=\"section\">\n\t\t\t\t\t\t<div class=\"elementor-container elementor-column-gap-no\">\n\t\t\t\t\t<div class=\"elementor-column elementor-col-50 elementor-inner-column elementor-element elementor-element-afac2f2\" data-id=\"afac2f2\" data-element_type=\"column\">\n\t\t\t<div class=\"elementor-widget-wrap elementor-element-populated\">\n\t\t\t\t\t\t<div class=\"elementor-element elementor-element-a565f39 elementor-invisible elementor-widget elementor-widget-spacer\" data-id=\"a565f39\" data-element_type=\"widget\" data-settings=\"{&quot;_animation&quot;:&quot;fadeInLeft&quot;,&quot;_animation_delay&quot;:200}\" data-widget_type=\"spacer.default\">\n\t\t\t\t<div class=\"elementor-widget-container\">\n\t\t\t\t\t\t\t<div class=\"elementor-spacer\">\n\t\t\t<div class=\"elementor-spacer-inner\"><\/div>\n\t\t<\/div>\n\t\t\t\t\t\t<\/div>\n\t\t\t\t<\/div>\n\t\t\t\t<div class=\"elementor-element elementor-element-0030693 elementor-widget elementor-widget-image\" data-id=\"0030693\" data-element_type=\"widget\" data-widget_type=\"image.default\">\n\t\t\t\t<div class=\"elementor-widget-container\">\n\t\t\t\t\t\t\t\t\t\t\t\t\t\t\t<img decoding=\"async\" width=\"633\" height=\"138\" src=\"https:\/\/web16.wuti.pl\/hortus\/wp-content\/uploads\/2025\/02\/warzywa_logo-3.png\" class=\"attachment-large size-large wp-image-1004\" alt=\"\" srcset=\"https:\/\/web16.wuti.pl\/hortus\/wp-content\/uploads\/2025\/02\/warzywa_logo-3.png 633w, https:\/\/web16.wuti.pl\/hortus\/wp-content\/uploads\/2025\/02\/warzywa_logo-3-300x65.png 300w\" sizes=\"(max-width: 633px) 100vw, 633px\" \/>\t\t\t\t\t\t\t\t\t\t\t\t\t\t\t<\/div>\n\t\t\t\t<\/div>\n\t\t\t\t<div class=\"elementor-element elementor-element-41948af elementor-widget elementor-widget-text-editor\" data-id=\"41948af\" data-element_type=\"widget\" data-widget_type=\"text-editor.default\">\n\t\t\t\t<div class=\"elementor-widget-container\">\n\t\t\t\t\t\t\t\t\t profesjonalne portal, b\u0119d\u0105cy \u017ar\u00f3d\u0142em informacji o uprawie warzyw polowych. Nasza platforma zosta\u0142a stworzona z my\u015bl\u0105 o profesjonalnych producentach oraz w\u0142a\u015bcicielach gospodarstw rolnych, kt\u00f3rzy pragn\u0105 poszerzy\u0107 swoj\u0105 wiedz\u0119 na temat uprawy warzyw polowych.\n\t\t\t\t\t\t\t\t<\/div>\n\t\t\t\t<\/div>\n\t\t\t\t\t<\/div>\n\t\t<\/div>\n\t\t\t\t<div class=\"elementor-column elementor-col-50 elementor-inner-column elementor-element elementor-element-f427fb6 elementor-invisible\" data-id=\"f427fb6\" data-element_type=\"column\" data-settings=\"{&quot;animation&quot;:&quot;fadeInUp&quot;,&quot;background_background&quot;:&quot;classic&quot;}\">\n\t\t\t<div class=\"elementor-widget-wrap\">\n\t\t\t\t\t\t\t<\/div>\n\t\t<\/div>\n\t\t\t\t\t<\/div>\n\t\t<\/section>\n\t\t<div class=\"elementor-element elementor-element-cd40faf e-flex e-con-boxed e-con e-parent\" data-id=\"cd40faf\" data-element_type=\"container\">\n\t\t\t\t\t<div class=\"e-con-inner\">\n\t\t\t\t<div class=\"elementor-element elementor-element-a8a56d2 elementor-widget elementor-widget-text-editor\" data-id=\"a8a56d2\" data-element_type=\"widget\" data-widget_type=\"text-editor.default\">\n\t\t\t\t<div class=\"elementor-widget-container\">\n\t\t\t\t\t\t\t\t\t<p>Na portalu warzywapolowe.pl znajdziesz rzetelne i aktualne informacje dotycz\u0105ce szerokiej gamy warzyw, takich jak marchew, kapusta, cebula, sa\u0142ata, og\u00f3rek gruntowy czy pomidory polowe. Regularnie publikujemy artyku\u0142y, porady oraz badania zwi\u0105zane z technologiami uprawowymi, kt\u00f3re pomagaj\u0105 zwi\u0119kszy\u0107 efektywno\u015b\u0107 i jako\u015b\u0107 plon\u00f3w. Nasz zesp\u00f3\u0142 ekspert\u00f3w z bran\u017cy ogrodniczej i rolniczej dba o to, aby dostarcza\u0107 wiedz\u0119 opart\u0105 na najnowszych trendach oraz innowacjach.<\/p><p>Portal oferuje tak\u017ce szeroki zbi\u00f3r materia\u0142\u00f3w edukacyjnych, w tym przewodniki po uprawie najwa\u017cniejszych gatunk\u00f3w warzyw polowych, jak kapusta, cebula, og\u00f3rek czy dyni. Dzi\u0119ki naszym zasobom, zar\u00f3wno pocz\u0105tkuj\u0105cy ogrodnicy, jak i do\u015bwiadczeni profesjonali\u015bci znajd\u0105 warto\u015bciowe informacje, kt\u00f3re pomog\u0105 im w codziennej pracy.<\/p><p>Nie zapominamy o interakcji z nasz\u0105 spo\u0142eczno\u015bci\u0105 \u2013 zach\u0119camy do dzielenia si\u0119 do\u015bwiadczeniami, zadawania pyta\u0144 oraz uczestnictwa w dyskusjach na forach. Swoj\u0105 wiedz\u0105 mog\u0105 dzieli\u0107 si\u0119 tak\u017ce sami u\u017cytkownicy, co sprzyja wymianie cennych spostrze\u017ce\u0144.<\/p><p>Dodatkowo, warzywapolowe.pl to miejsce, w kt\u00f3rym znajdziesz informacje o wydarzeniach bran\u017cowych, takich jak targi, szkolenia oraz konferencje. Bior\u0105c udzia\u0142 w tych wydarzeniach, mo\u017cesz nawi\u0105za\u0107 cenne kontakty oraz zdoby\u0107 wiedz\u0119 bezpo\u015brednio od lider\u00f3w bran\u017cy.<\/p><p>Do\u0142\u0105cz do nas na portalu warzywapolowe.pl i sta\u0144 si\u0119 cz\u0119\u015bci\u0105 rosn\u0105cej spo\u0142eczno\u015bci, kt\u00f3ra dzieli si\u0119 pasj\u0105 do upraw warzyw polowych! Razem mo\u017cemy tworzy\u0107 przysz\u0142o\u015b\u0107 ogrodnictwa w Polsce!<\/p>\t\t\t\t\t\t\t\t<\/div>\n\t\t\t\t<\/div>\n\t\t\t\t\t<\/div>\n\t\t\t\t<\/div>\n\t\t\t\t\t<\/div>\n\t\t<\/div>\n\t\t\t\t\t<\/div>\n\t\t<\/section>\n\t\t\t\t<\/div>\n\t\t","protected":false},"excerpt":{"rendered":"<p>wiod\u0105cym i najwi\u0119kszym serwisie internetowym w Polsce, dedykowanym ro\u015blinom jagodowym. Nasza platforma to niezawodne \u017ar\u00f3d\u0142o informacji, kt\u00f3re na bie\u017c\u0105co relacjonuje najnowsze trendy oraz innowacje z zakresu uprawy: truskawek, malin, bor\u00f3wek, porzeczek, aronii, jagody kamczackiej i wielu innych ma\u0142o znanych upraw jagodowych.\u00a0 https:\/\/www.youtube.com\/watch?v=cZSRXQMXUqQ Oferujemy rzetelne i kompleksowe artyku\u0142y oraz analizy, kt\u00f3re wspieraj\u0105 zar\u00f3wno profesjonalnych producent\u00f3w, jak [&hellip;]<\/p>\n","protected":false},"author":1,"featured_media":0,"parent":0,"menu_order":0,"comment_status":"closed","ping_status":"closed","template":"","meta":{"footnotes":""},"class_list":["post-663","page","type-page","status-publish","hentry"],"_links":{"self":[{"href":"https:\/\/web16.wuti.pl\/hortus\/wp-json\/wp\/v2\/pages\/663","targetHints":{"allow":["GET"]}}],"collection":[{"href":"https:\/\/web16.wuti.pl\/hortus\/wp-json\/wp\/v2\/pages"}],"about":[{"href":"https:\/\/web16.wuti.pl\/hortus\/wp-json\/wp\/v2\/types\/page"}],"author":[{"embeddable":true,"href":"https:\/\/web16.wuti.pl\/hortus\/wp-json\/wp\/v2\/users\/1"}],"replies":[{"embeddable":true,"href":"https:\/\/web16.wuti.pl\/hortus\/wp-json\/wp\/v2\/comments?post=663"}],"version-history":[{"count":68,"href":"https:\/\/web16.wuti.pl\/hortus\/wp-json\/wp\/v2\/pages\/663\/revisions"}],"predecessor-version":[{"id":1193,"href":"https:\/\/web16.wuti.pl\/hortus\/wp-json\/wp\/v2\/pages\/663\/revisions\/1193"}],"wp:attachment":[{"href":"https:\/\/web16.wuti.pl\/hortus\/wp-json\/wp\/v2\/media?parent=663"}],"curies":[{"name":"wp","href":"https:\/\/api.w.org\/{rel}","templated":true}]}}