{"id":860,"date":"2025-02-28T12:31:40","date_gmt":"2025-02-28T11:31:40","guid":{"rendered":"https:\/\/web16.wuti.pl\/hortus\/?page_id=860"},"modified":"2025-02-28T13:51:19","modified_gmt":"2025-02-28T12:51:19","slug":"o-nas","status":"publish","type":"page","link":"https:\/\/web16.wuti.pl\/hortus\/o-nas\/","title":{"rendered":"O nas"},"content":{"rendered":"\t\t<div data-elementor-type=\"wp-page\" data-elementor-id=\"860\" class=\"elementor elementor-860\" data-elementor-post-type=\"page\">\n\t\t\t\t\t\t<section class=\"elementor-section elementor-top-section elementor-element elementor-element-7689001 elementor-section-content-middle elementor-section-boxed elementor-section-height-default elementor-section-height-default\" data-id=\"7689001\" data-element_type=\"section\" data-settings=\"{&quot;background_background&quot;:&quot;classic&quot;}\">\n\t\t\t\t\t\t<div class=\"elementor-container elementor-column-gap-extended\">\n\t\t\t\t\t<div class=\"elementor-column elementor-col-100 elementor-top-column elementor-element elementor-element-4b4ab81\" data-id=\"4b4ab81\" data-element_type=\"column\">\n\t\t\t<div class=\"elementor-widget-wrap elementor-element-populated\">\n\t\t\t\t\t\t<section class=\"elementor-section elementor-inner-section elementor-element elementor-element-cd4537e elementor-section-content-top elementor-section-boxed elementor-section-height-default elementor-section-height-default\" data-id=\"cd4537e\" data-element_type=\"section\">\n\t\t\t\t\t\t<div class=\"elementor-container elementor-column-gap-no\">\n\t\t\t\t\t<div class=\"elementor-column elementor-col-50 elementor-inner-column elementor-element elementor-element-65687dc\" data-id=\"65687dc\" data-element_type=\"column\">\n\t\t\t<div class=\"elementor-widget-wrap elementor-element-populated\">\n\t\t\t\t\t\t<div class=\"elementor-element elementor-element-6af9fb8 elementor-invisible elementor-widget elementor-widget-spacer\" data-id=\"6af9fb8\" data-element_type=\"widget\" data-settings=\"{&quot;_animation&quot;:&quot;fadeInLeft&quot;,&quot;_animation_delay&quot;:200}\" data-widget_type=\"spacer.default\">\n\t\t\t\t<div class=\"elementor-widget-container\">\n\t\t\t\t\t\t\t<div class=\"elementor-spacer\">\n\t\t\t<div class=\"elementor-spacer-inner\"><\/div>\n\t\t<\/div>\n\t\t\t\t\t\t<\/div>\n\t\t\t\t<\/div>\n\t\t\t\t<div class=\"elementor-element elementor-element-0bc3ce0 elementor-widget elementor-widget-text-editor\" data-id=\"0bc3ce0\" data-element_type=\"widget\" data-widget_type=\"text-editor.default\">\n\t\t\t\t<div class=\"elementor-widget-container\">\n\t\t\t\t\t\t\t\t\t<p><span style=\"font-weight: 400;\"><strong>Na rynku ogrodniczym dzia\u0142amy od ponad dwudziestu lat.<\/strong> Nasza historia jest pe\u0142na pasji, zaanga\u017cowania i nieustannego d\u0105\u017cenia do promowania wiedzy na temat ogrodnictwa oraz wspierania tych, kt\u00f3rzy mog\u0105 sta\u0107 si\u0119 jego cz\u0119\u015bci\u0105. Uczestniczyli\u015bmy w tworzeniu i wydawaniu najwi\u0119kszych na polskim rynku czasopism o tematyce ogrodniczej. Od roku 2011 dzia\u0142amy pod w\u0142asn\u0105 mark\u0105 Hortus Media Sp. z o.o., co umo\u017cliwi\u0142o nam jeszcze efektywniejsze realizowanie naszych cel\u00f3w i misji. Specjalizujemy si\u0119 w przekazywaniu informacji z zakresu ro\u015blin jagodowych oraz warzyw polowych. Realizowana przez nas projektu zdoby\u0142y uznanie w\u015br\u00f3d specjalist\u00f3w i pasjonat\u00f3w ogrodnictwa.<\/span><\/p>\t\t\t\t\t\t\t\t<\/div>\n\t\t\t\t<\/div>\n\t\t\t\t\t<\/div>\n\t\t<\/div>\n\t\t\t\t<div class=\"elementor-column elementor-col-50 elementor-inner-column elementor-element elementor-element-4d2b125 elementor-invisible\" data-id=\"4d2b125\" data-element_type=\"column\" data-settings=\"{&quot;animation&quot;:&quot;fadeInUp&quot;,&quot;background_background&quot;:&quot;classic&quot;}\">\n\t\t\t<div class=\"elementor-widget-wrap elementor-element-populated\">\n\t\t\t\t\t\t<div class=\"elementor-element elementor-element-677e084 elementor-widget elementor-widget-spacer\" data-id=\"677e084\" data-element_type=\"widget\" data-widget_type=\"spacer.default\">\n\t\t\t\t<div class=\"elementor-widget-container\">\n\t\t\t\t\t\t\t<div class=\"elementor-spacer\">\n\t\t\t<div class=\"elementor-spacer-inner\"><\/div>\n\t\t<\/div>\n\t\t\t\t\t\t<\/div>\n\t\t\t\t<\/div>\n\t\t\t\t\t<\/div>\n\t\t<\/div>\n\t\t\t\t\t<\/div>\n\t\t<\/section>\n\t\t\t\t\t<\/div>\n\t\t<\/div>\n\t\t\t\t\t<\/div>\n\t\t<\/section>\n\t\t\t\t<section class=\"elementor-section elementor-top-section elementor-element elementor-element-c51cb51 elementor-section-boxed elementor-section-height-default elementor-section-height-default\" data-id=\"c51cb51\" data-element_type=\"section\">\n\t\t\t\t\t\t<div class=\"elementor-container elementor-column-gap-default\">\n\t\t\t\t\t<div class=\"elementor-column elementor-col-100 elementor-top-column elementor-element elementor-element-11e67df\" data-id=\"11e67df\" data-element_type=\"column\">\n\t\t\t<div class=\"elementor-widget-wrap elementor-element-populated\">\n\t\t\t\t\t\t<div class=\"elementor-element elementor-element-9d99ac9 elementor-widget elementor-widget-text-editor\" data-id=\"9d99ac9\" data-element_type=\"widget\" data-widget_type=\"text-editor.default\">\n\t\t\t\t<div class=\"elementor-widget-container\">\n\t\t\t\t\t\t\t\t\t<p><span style=\"font-weight: 400;\"><strong>Jako wydawcy, jeste\u015bmy dumni z prowadzenia najwi\u0119kszego na polskim rynku serwisu internetowego, kt\u00f3ry po\u015bwi\u0119cony jest tematyce ro\u015blin jagodowych oraz specjalistycznego portalu po\u015bwi\u0119conego uprawie warzyw polowych.<\/strong> Nasze portale to nie tylko \u017ar\u00f3d\u0142o najnowszych trend\u00f3w, ale tak\u017ce miejsce wymiany do\u015bwiadcze\u0144, porad oraz najlepszych praktyk.<\/span><\/p><p><span style=\"font-weight: 400;\">Od 2012 roku wydajemy czasopismo \u201eJagodnik\u201d, kt\u00f3re sta\u0142o si\u0119 istotnym narz\u0119dziem dla profesjonalist\u00f3w w bran\u017cy ogrodniczej. Nasz\u0105 misj\u0105 jest wspieranie ogrodniczego biznesu nie tylko poprzez dostarczanie wiedzy, ale tak\u017ce poprzez nowe mo\u017cliwo\u015bci reklamowe, kt\u00f3re oferujemy naszym partnerom. Kampanie reklamowe, kt\u00f3re organizujemy, s\u0105 starannie zaplanowane i skierowane do odpowiednich grup docelowych, co znacz\u0105co zwi\u0119ksza ich efektywno\u015b\u0107. Zbudowali\u015bmy siln\u0105 spo\u0142eczno\u015b\u0107 nietylko wok\u00f3\u0142 naszych publikacji, ale tak\u017ce w \u015brodowisku online.<\/span><\/p><p><span style=\"font-weight: 400;\">W 2014 roku utworzyli\u015bmy portal warzywapolowe.pl, kt\u00f3ry bardzo szybko sta\u0142 si\u0119\u00a0wa\u017cnym \u017ar\u00f3d\u0142em wiedzy z zakresu nowoczesnej uprawy warzyw polowych.\u00a0<\/span><\/p>\t\t\t\t\t\t\t\t<\/div>\n\t\t\t\t<\/div>\n\t\t\t\t<div class=\"elementor-element elementor-element-a77b2a5 elementor-widget__width-initial elementor-widget elementor-widget-gallery\" data-id=\"a77b2a5\" data-element_type=\"widget\" data-settings=\"{&quot;gallery_layout&quot;:&quot;masonry&quot;,&quot;columns&quot;:3,&quot;gap&quot;:{&quot;unit&quot;:&quot;px&quot;,&quot;size&quot;:71,&quot;sizes&quot;:[]},&quot;lazyload&quot;:&quot;yes&quot;,&quot;columns_tablet&quot;:2,&quot;columns_mobile&quot;:1,&quot;gap_tablet&quot;:{&quot;unit&quot;:&quot;px&quot;,&quot;size&quot;:10,&quot;sizes&quot;:[]},&quot;gap_mobile&quot;:{&quot;unit&quot;:&quot;px&quot;,&quot;size&quot;:10,&quot;sizes&quot;:[]},&quot;link_to&quot;:&quot;file&quot;,&quot;overlay_background&quot;:&quot;yes&quot;,&quot;content_hover_animation&quot;:&quot;fade-in&quot;}\" data-widget_type=\"gallery.default\">\n\t\t\t\t<div class=\"elementor-widget-container\">\n\t\t\t\t\t\t\t<div class=\"elementor-gallery__container\">\n\t\t\t\t\t\t\t<a class=\"e-gallery-item elementor-gallery-item elementor-animated-content\" href=\"https:\/\/web16.wuti.pl\/hortus\/wp-content\/uploads\/2025\/02\/logo_jagodnik-Kopia.jpg\" data-elementor-open-lightbox=\"yes\" data-elementor-lightbox-slideshow=\"a77b2a5\" data-elementor-lightbox-title=\"logo_jagodnik - Kopia\" data-e-action-hash=\"#elementor-action%3Aaction%3Dlightbox%26settings%3DeyJpZCI6MTAwMiwidXJsIjoiaHR0cHM6XC9cL3dlYjE2Lnd1dGkucGxcL2hvcnR1c1wvd3AtY29udGVudFwvdXBsb2Fkc1wvMjAyNVwvMDJcL2xvZ29famFnb2RuaWstS29waWEuanBnIiwic2xpZGVzaG93IjoiYTc3YjJhNSJ9\">\n\t\t\t\t\t<div class=\"e-gallery-image elementor-gallery-item__image\" data-thumbnail=\"https:\/\/web16.wuti.pl\/hortus\/wp-content\/uploads\/2025\/02\/logo_jagodnik-Kopia.jpg\" data-width=\"150\" data-height=\"35\" aria-label=\"\" role=\"img\" ><\/div>\n\t\t\t\t\t\t\t\t\t\t\t<div class=\"elementor-gallery-item__overlay\"><\/div>\n\t\t\t\t\t\t\t\t\t\t\t\t\t\t<\/a>\n\t\t\t\t\t\t\t<a class=\"e-gallery-item elementor-gallery-item elementor-animated-content\" href=\"https:\/\/web16.wuti.pl\/hortus\/wp-content\/uploads\/2025\/02\/warzywa_logo-3.png\" data-elementor-open-lightbox=\"yes\" data-elementor-lightbox-slideshow=\"a77b2a5\" data-elementor-lightbox-title=\"warzywa_logo (3)\" data-e-action-hash=\"#elementor-action%3Aaction%3Dlightbox%26settings%3DeyJpZCI6MTAwNCwidXJsIjoiaHR0cHM6XC9cL3dlYjE2Lnd1dGkucGxcL2hvcnR1c1wvd3AtY29udGVudFwvdXBsb2Fkc1wvMjAyNVwvMDJcL3dhcnp5d2FfbG9nby0zLnBuZyIsInNsaWRlc2hvdyI6ImE3N2IyYTUifQ%3D%3D\">\n\t\t\t\t\t<div class=\"e-gallery-image elementor-gallery-item__image\" data-thumbnail=\"https:\/\/web16.wuti.pl\/hortus\/wp-content\/uploads\/2025\/02\/warzywa_logo-3.png\" data-width=\"633\" data-height=\"138\" aria-label=\"\" role=\"img\" ><\/div>\n\t\t\t\t\t\t\t\t\t\t\t<div class=\"elementor-gallery-item__overlay\"><\/div>\n\t\t\t\t\t\t\t\t\t\t\t\t\t\t<\/a>\n\t\t\t\t\t\t\t<a class=\"e-gallery-item elementor-gallery-item elementor-animated-content\" href=\"https:\/\/web16.wuti.pl\/hortus\/wp-content\/uploads\/2025\/02\/logo_jagodnik_pl.jpg\" data-elementor-open-lightbox=\"yes\" data-elementor-lightbox-slideshow=\"a77b2a5\" data-elementor-lightbox-title=\"logo_jagodnik_pl\" data-e-action-hash=\"#elementor-action%3Aaction%3Dlightbox%26settings%3DeyJpZCI6MTAwNSwidXJsIjoiaHR0cHM6XC9cL3dlYjE2Lnd1dGkucGxcL2hvcnR1c1wvd3AtY29udGVudFwvdXBsb2Fkc1wvMjAyNVwvMDJcL2xvZ29famFnb2RuaWtfcGwuanBnIiwic2xpZGVzaG93IjoiYTc3YjJhNSJ9\">\n\t\t\t\t\t<div class=\"e-gallery-image elementor-gallery-item__image\" data-thumbnail=\"https:\/\/web16.wuti.pl\/hortus\/wp-content\/uploads\/2025\/02\/logo_jagodnik_pl-768x146.jpg\" data-width=\"768\" data-height=\"146\" aria-label=\"\" role=\"img\" ><\/div>\n\t\t\t\t\t\t\t\t\t\t\t<div class=\"elementor-gallery-item__overlay\"><\/div>\n\t\t\t\t\t\t\t\t\t\t\t\t\t\t<\/a>\n\t\t\t\t\t<\/div>\n\t\t\t\t\t<\/div>\n\t\t\t\t<\/div>\n\t\t\t\t\t<\/div>\n\t\t<\/div>\n\t\t\t\t\t<\/div>\n\t\t<\/section>\n\t\t<div class=\"elementor-element elementor-element-74d04b3 e-flex e-con-boxed e-con e-parent\" data-id=\"74d04b3\" data-element_type=\"container\">\n\t\t\t\t\t<div class=\"e-con-inner\">\n\t\t\t\t<div class=\"elementor-element elementor-element-3e0e500 elementor-widget elementor-widget-text-editor\" data-id=\"3e0e500\" data-element_type=\"widget\" data-widget_type=\"text-editor.default\">\n\t\t\t\t<div class=\"elementor-widget-container\">\n\t\t\t\t\t\t\t\t\t<p><span style=\"font-weight: 400;\">Wspieramy r\u00f3wnie\u017c innowacyjne projekty oraz organizacje, kt\u00f3re promuj\u0105 zr\u00f3wnowa\u017cony rozw\u00f3j w ogrodnictwie oraz zr\u00f3wnowa\u017cone praktyki uprawowe.\u00a0<\/span><\/p><p><span style=\"font-weight: 400;\">Nasza firma jest otwarta na wsp\u00f3\u0142prac\u0119 z innymi organizacjami i instytucjami, a tak\u017ce na wymian\u0119 wiedzy z ekspertami z bran\u017cy.<\/span><\/p><p><span style=\"font-weight: 400;\">Hortus Media to nie tylko wydawca. To si\u0142a nap\u0119dowa polskiego ogrodnictwa, kt\u00f3ra ma na celu podnoszenie standard\u00f3w oraz rozwijanie wiedzy w tej dziedzinie. Dzi\u0119ki naszym wysi\u0142kom, nie tylko pomagamy w budowaniu nowoczesnego ogrodnictwa, ale tak\u017ce stajemy si\u0119 liderem w dostarczaniu innowacyjnych rozwi\u0105za\u0144 dla ogrodnik\u00f3w na ka\u017cdym etapie ich dzia\u0142alno\u015bci.<\/span><\/p>\t\t\t\t\t\t\t\t<\/div>\n\t\t\t\t<\/div>\n\t\t\t\t<div class=\"elementor-element elementor-element-edfcf34 elementor-widget elementor-widget-gallery\" data-id=\"edfcf34\" data-element_type=\"widget\" data-settings=\"{&quot;columns&quot;:3,&quot;lazyload&quot;:&quot;yes&quot;,&quot;gallery_layout&quot;:&quot;grid&quot;,&quot;columns_tablet&quot;:2,&quot;columns_mobile&quot;:1,&quot;gap&quot;:{&quot;unit&quot;:&quot;px&quot;,&quot;size&quot;:10,&quot;sizes&quot;:[]},&quot;gap_tablet&quot;:{&quot;unit&quot;:&quot;px&quot;,&quot;size&quot;:10,&quot;sizes&quot;:[]},&quot;gap_mobile&quot;:{&quot;unit&quot;:&quot;px&quot;,&quot;size&quot;:10,&quot;sizes&quot;:[]},&quot;link_to&quot;:&quot;file&quot;,&quot;aspect_ratio&quot;:&quot;3:2&quot;,&quot;overlay_background&quot;:&quot;yes&quot;,&quot;content_hover_animation&quot;:&quot;fade-in&quot;}\" data-widget_type=\"gallery.default\">\n\t\t\t\t<div class=\"elementor-widget-container\">\n\t\t\t\t\t\t\t<div class=\"elementor-gallery__container\">\n\t\t\t\t\t\t\t<a class=\"e-gallery-item elementor-gallery-item elementor-animated-content\" href=\"https:\/\/web16.wuti.pl\/hortus\/wp-content\/uploads\/2025\/02\/3.MF_BF_2023_IMG_1800.jpg\" data-elementor-open-lightbox=\"yes\" data-elementor-lightbox-slideshow=\"edfcf34\" data-elementor-lightbox-title=\"3.MF_BF_2023_IMG_1800\" data-e-action-hash=\"#elementor-action%3Aaction%3Dlightbox%26settings%3DeyJpZCI6OTQ5LCJ1cmwiOiJodHRwczpcL1wvd2ViMTYud3V0aS5wbFwvaG9ydHVzXC93cC1jb250ZW50XC91cGxvYWRzXC8yMDI1XC8wMlwvMy5NRl9CRl8yMDIzX0lNR18xODAwLmpwZyIsInNsaWRlc2hvdyI6ImVkZmNmMzQifQ%3D%3D\">\n\t\t\t\t\t<div class=\"e-gallery-image elementor-gallery-item__image\" data-thumbnail=\"https:\/\/web16.wuti.pl\/hortus\/wp-content\/uploads\/2025\/02\/3.MF_BF_2023_IMG_1800-768x512.jpg\" data-width=\"768\" data-height=\"512\" aria-label=\"\" role=\"img\" ><\/div>\n\t\t\t\t\t\t\t\t\t\t\t<div class=\"elementor-gallery-item__overlay\"><\/div>\n\t\t\t\t\t\t\t\t\t\t\t\t\t\t<\/a>\n\t\t\t\t\t\t\t<a class=\"e-gallery-item elementor-gallery-item elementor-animated-content\" href=\"https:\/\/web16.wuti.pl\/hortus\/wp-content\/uploads\/2025\/02\/4.IMG_1075-scaled.jpg\" data-elementor-open-lightbox=\"yes\" data-elementor-lightbox-slideshow=\"edfcf34\" data-elementor-lightbox-title=\"4.IMG_1075\" data-e-action-hash=\"#elementor-action%3Aaction%3Dlightbox%26settings%3DeyJpZCI6OTUwLCJ1cmwiOiJodHRwczpcL1wvd2ViMTYud3V0aS5wbFwvaG9ydHVzXC93cC1jb250ZW50XC91cGxvYWRzXC8yMDI1XC8wMlwvNC5JTUdfMTA3NS1zY2FsZWQuanBnIiwic2xpZGVzaG93IjoiZWRmY2YzNCJ9\">\n\t\t\t\t\t<div class=\"e-gallery-image elementor-gallery-item__image\" data-thumbnail=\"https:\/\/web16.wuti.pl\/hortus\/wp-content\/uploads\/2025\/02\/4.IMG_1075-768x576.jpg\" data-width=\"768\" data-height=\"576\" aria-label=\"\" role=\"img\" ><\/div>\n\t\t\t\t\t\t\t\t\t\t\t<div class=\"elementor-gallery-item__overlay\"><\/div>\n\t\t\t\t\t\t\t\t\t\t\t\t\t\t<\/a>\n\t\t\t\t\t\t\t<a class=\"e-gallery-item elementor-gallery-item elementor-animated-content\" href=\"https:\/\/web16.wuti.pl\/hortus\/wp-content\/uploads\/2025\/02\/4.IMG_4371-scaled.jpg\" data-elementor-open-lightbox=\"yes\" data-elementor-lightbox-slideshow=\"edfcf34\" data-elementor-lightbox-title=\"4.IMG_4371\" data-e-action-hash=\"#elementor-action%3Aaction%3Dlightbox%26settings%3DeyJpZCI6OTU0LCJ1cmwiOiJodHRwczpcL1wvd2ViMTYud3V0aS5wbFwvaG9ydHVzXC93cC1jb250ZW50XC91cGxvYWRzXC8yMDI1XC8wMlwvNC5JTUdfNDM3MS1zY2FsZWQuanBnIiwic2xpZGVzaG93IjoiZWRmY2YzNCJ9\">\n\t\t\t\t\t<div class=\"e-gallery-image elementor-gallery-item__image\" data-thumbnail=\"https:\/\/web16.wuti.pl\/hortus\/wp-content\/uploads\/2025\/02\/4.IMG_4371-768x576.jpg\" data-width=\"768\" data-height=\"576\" aria-label=\"\" role=\"img\" ><\/div>\n\t\t\t\t\t\t\t\t\t\t\t<div class=\"elementor-gallery-item__overlay\"><\/div>\n\t\t\t\t\t\t\t\t\t\t\t\t\t\t<\/a>\n\t\t\t\t\t\t\t<a class=\"e-gallery-item elementor-gallery-item elementor-animated-content\" href=\"https:\/\/web16.wuti.pl\/hortus\/wp-content\/uploads\/2025\/02\/5.IMG_9927-scaled.jpg\" data-elementor-open-lightbox=\"yes\" data-elementor-lightbox-slideshow=\"edfcf34\" data-elementor-lightbox-title=\"5.IMG_9927\" data-e-action-hash=\"#elementor-action%3Aaction%3Dlightbox%26settings%3DeyJpZCI6OTU4LCJ1cmwiOiJodHRwczpcL1wvd2ViMTYud3V0aS5wbFwvaG9ydHVzXC93cC1jb250ZW50XC91cGxvYWRzXC8yMDI1XC8wMlwvNS5JTUdfOTkyNy1zY2FsZWQuanBnIiwic2xpZGVzaG93IjoiZWRmY2YzNCJ9\">\n\t\t\t\t\t<div class=\"e-gallery-image elementor-gallery-item__image\" data-thumbnail=\"https:\/\/web16.wuti.pl\/hortus\/wp-content\/uploads\/2025\/02\/5.IMG_9927-768x512.jpg\" data-width=\"768\" data-height=\"512\" aria-label=\"\" role=\"img\" ><\/div>\n\t\t\t\t\t\t\t\t\t\t\t<div class=\"elementor-gallery-item__overlay\"><\/div>\n\t\t\t\t\t\t\t\t\t\t\t\t\t\t<\/a>\n\t\t\t\t\t\t\t<a class=\"e-gallery-item elementor-gallery-item elementor-animated-content\" href=\"https:\/\/web16.wuti.pl\/hortus\/wp-content\/uploads\/2025\/02\/6.DJI_0176.jpg\" data-elementor-open-lightbox=\"yes\" data-elementor-lightbox-slideshow=\"edfcf34\" data-elementor-lightbox-title=\"default\" data-e-action-hash=\"#elementor-action%3Aaction%3Dlightbox%26settings%3DeyJpZCI6OTU5LCJ1cmwiOiJodHRwczpcL1wvd2ViMTYud3V0aS5wbFwvaG9ydHVzXC93cC1jb250ZW50XC91cGxvYWRzXC8yMDI1XC8wMlwvNi5ESklfMDE3Ni5qcGciLCJzbGlkZXNob3ciOiJlZGZjZjM0In0%3D\">\n\t\t\t\t\t<div class=\"e-gallery-image elementor-gallery-item__image\" data-thumbnail=\"https:\/\/web16.wuti.pl\/hortus\/wp-content\/uploads\/2025\/02\/6.DJI_0176-768x432.jpg\" data-width=\"768\" data-height=\"432\" aria-label=\"\" role=\"img\" ><\/div>\n\t\t\t\t\t\t\t\t\t\t\t<div class=\"elementor-gallery-item__overlay\"><\/div>\n\t\t\t\t\t\t\t\t\t\t\t\t\t\t<\/a>\n\t\t\t\t\t<\/div>\n\t\t\t\t\t<\/div>\n\t\t\t\t<\/div>\n\t\t\t\t\t<\/div>\n\t\t\t\t<\/div>\n\t\t\t\t<\/div>\n\t\t","protected":false},"excerpt":{"rendered":"<p>Na rynku ogrodniczym dzia\u0142amy od ponad dwudziestu lat. Nasza historia jest pe\u0142na pasji, zaanga\u017cowania i nieustannego d\u0105\u017cenia do promowania wiedzy na temat ogrodnictwa oraz wspierania tych, kt\u00f3rzy mog\u0105 sta\u0107 si\u0119 jego cz\u0119\u015bci\u0105. Uczestniczyli\u015bmy w tworzeniu i wydawaniu najwi\u0119kszych na polskim rynku czasopism o tematyce ogrodniczej. Od roku 2011 dzia\u0142amy pod w\u0142asn\u0105 mark\u0105 Hortus Media Sp. [&hellip;]<\/p>\n","protected":false},"author":1,"featured_media":0,"parent":0,"menu_order":0,"comment_status":"closed","ping_status":"closed","template":"","meta":{"footnotes":""},"class_list":["post-860","page","type-page","status-publish","hentry"],"_links":{"self":[{"href":"https:\/\/web16.wuti.pl\/hortus\/wp-json\/wp\/v2\/pages\/860","targetHints":{"allow":["GET"]}}],"collection":[{"href":"https:\/\/web16.wuti.pl\/hortus\/wp-json\/wp\/v2\/pages"}],"about":[{"href":"https:\/\/web16.wuti.pl\/hortus\/wp-json\/wp\/v2\/types\/page"}],"author":[{"embeddable":true,"href":"https:\/\/web16.wuti.pl\/hortus\/wp-json\/wp\/v2\/users\/1"}],"replies":[{"embeddable":true,"href":"https:\/\/web16.wuti.pl\/hortus\/wp-json\/wp\/v2\/comments?post=860"}],"version-history":[{"count":4,"href":"https:\/\/web16.wuti.pl\/hortus\/wp-json\/wp\/v2\/pages\/860\/revisions"}],"predecessor-version":[{"id":1024,"href":"https:\/\/web16.wuti.pl\/hortus\/wp-json\/wp\/v2\/pages\/860\/revisions\/1024"}],"wp:attachment":[{"href":"https:\/\/web16.wuti.pl\/hortus\/wp-json\/wp\/v2\/media?parent=860"}],"curies":[{"name":"wp","href":"https:\/\/api.w.org\/{rel}","templated":true}]}}